{"id":10,"date":"2015-06-19T00:09:14","date_gmt":"2015-06-18T21:09:14","guid":{"rendered":"http:\/\/localhost\/wp\/?page_id=10"},"modified":"2025-12-27T00:38:36","modified_gmt":"2025-12-26T21:38:36","slug":"teenused","status":"publish","type":"page","link":"https:\/\/rebalatallid.com\/?page_id=10&lang=et","title":{"rendered":"TEENUSED"},"content":{"rendered":"\t\t<div data-elementor-type=\"wp-page\" data-elementor-id=\"10\" class=\"elementor elementor-10\">\n\t\t\t\t<div class=\"elementor-element elementor-element-e756872 e-flex e-con-boxed e-con e-parent\" data-id=\"e756872\" data-element_type=\"container\" data-e-type=\"container\">\n\t\t\t\t\t<div class=\"e-con-inner\">\n\t\t\t\t<div class=\"elementor-element elementor-element-260fba6 elementor-widget elementor-widget-text-editor\" data-id=\"260fba6\" data-element_type=\"widget\" data-e-type=\"widget\" data-widget_type=\"text-editor.default\">\n\t\t\t\t<div class=\"elementor-widget-container\">\n\t\t\t\t\t\t\t\t\t<p>Meie teenuste hulgast leiab iga\u00fcks endale midagi p\u00f5nevat!<\/p><p>Teenuste alt leiad p\u00f5hjaliku \u00fclevaate k\u00f5igi meie pakutava teenuste kohta.<br \/>Soovime pakkuda Teile meeldej\u00e4\u00e4vat elamust, puhkust ja loodusl\u00e4hedast viibimist Rebalas!<br \/>Kui peaks juhtuma, et Te ei leia meie pakutavate teenuste hulgast seda, mida sooviksite, siis v\u00f5tke meiega \u00fchendust ning ehk leiame koos lahenduse.<\/p>\n<p>P\u00f5nevat sirvimist!<br \/>Kui on erisoovid, k\u00fcsige pakkumist!<\/p>\n<p>Oma k\u00fclask\u00e4ik koosk\u00f5lasta alati ette meili teel info@rebalatallid.com<br \/>K\u00d5IK TEENUSED ON ETTETELLIMISEL!<\/p>\t\t\t\t\t\t\t\t<\/div>\n\t\t\t\t<\/div>\n\t\t\t\t\t<\/div>\n\t\t\t\t<\/div>\n\t\t\t\t<\/div>\n\t\t","protected":false},"excerpt":{"rendered":"<p>Meie teenuste hulgast leiab iga\u00fcks endale midagi p\u00f5nevat! Teenuste alt leiad p\u00f5hjaliku \u00fclevaate k\u00f5igi meie pakutava teenuste kohta.Soovime pakkuda Teile meeldej\u00e4\u00e4vat elamust, puhkust ja loodusl\u00e4hedast viibimist Rebalas!Kui peaks juhtuma, et Te ei leia meie pakutavate &hellip; <a title=\"TEENUSED\" class=\"exalt-read-more\" href=\"https:\/\/rebalatallid.com\/?page_id=10&#038;lang=et\"><span class=\"screen-reader-text\">TEENUSED<\/span>Read more<\/a><\/p>\n","protected":false},"author":1,"featured_media":0,"parent":0,"menu_order":3,"comment_status":"open","ping_status":"closed","template":"","meta":{"footnotes":""},"class_list":["post-10","page","type-page","status-publish","hentry","exalt-entry"],"_links":{"self":[{"href":"https:\/\/rebalatallid.com\/index.php?rest_route=\/wp\/v2\/pages\/10"}],"collection":[{"href":"https:\/\/rebalatallid.com\/index.php?rest_route=\/wp\/v2\/pages"}],"about":[{"href":"https:\/\/rebalatallid.com\/index.php?rest_route=\/wp\/v2\/types\/page"}],"author":[{"embeddable":true,"href":"https:\/\/rebalatallid.com\/index.php?rest_route=\/wp\/v2\/users\/1"}],"replies":[{"embeddable":true,"href":"https:\/\/rebalatallid.com\/index.php?rest_route=%2Fwp%2Fv2%2Fcomments&post=10"}],"version-history":[{"count":19,"href":"https:\/\/rebalatallid.com\/index.php?rest_route=\/wp\/v2\/pages\/10\/revisions"}],"predecessor-version":[{"id":12779,"href":"https:\/\/rebalatallid.com\/index.php?rest_route=\/wp\/v2\/pages\/10\/revisions\/12779"}],"wp:attachment":[{"href":"https:\/\/rebalatallid.com\/index.php?rest_route=%2Fwp%2Fv2%2Fmedia&parent=10"}],"curies":[{"name":"wp","href":"https:\/\/api.w.org\/{rel}","templated":true}]}}