{"id":12785,"date":"2025-12-27T01:42:54","date_gmt":"2025-12-26T22:42:54","guid":{"rendered":"https:\/\/rebalatallid.com\/?page_id=12785"},"modified":"2025-12-27T02:01:42","modified_gmt":"2025-12-26T23:01:42","slug":"kingekaardid","status":"publish","type":"page","link":"https:\/\/rebalatallid.com\/?page_id=12785&lang=et","title":{"rendered":"Kingekaardid"},"content":{"rendered":"\n<p><strong>Soovid kinkida midagi t\u00f5eliselt erilist ja meeldej\u00e4\u00e4vat?<\/strong><br \/><strong>Rebala Tallide kinkekaart<\/strong> on ideaalne kingitus k\u00f5igile, kes hindavad loomi, loodust ja uusi elamusi!<\/p>\n\n\n\n<p>Rebala Tallid pakub kinkekaarte <strong>erinevas hinnaklassis<\/strong> \u2014 t\u00e4pselt sellise v\u00e4\u00e4rtusega, nagu sina soovid. Kinkekaart sobib nii lastele kui ka t\u00e4iskasvanutele ning seda saab kasutada mitmete p\u00f5nevate teenuste jaoks.<\/p>\n\n\n\n<p><strong>Kinkekaardiga saab kasutada:<\/strong><\/p>\n\n\n\n<ul class=\"wp-block-list\">\n<li>ratsutamistunde (algajatele ja edasij\u00f5udnutele);<\/li>\n\n\n\n<li>ponis\u00f5itu lastele;<\/li>\n\n\n\n<li>hobustega tutvumist ja talliekskursioone;<\/li>\n\n\n\n<li>s\u00fcnnip\u00e4evade ja \u00fcrituste korraldamist Rebala Tallides;<\/li>\n\n\n\n<li>ratsaspordi treeninguid ja hobuhooldusega seotud tegevusi;<\/li>\n\n\n\n<li>muid kokkuleppel pakutavaid teenuseid.<\/li>\n<\/ul>\n\n\n\n<p><strong>Kinkekaardi kehtivus:<\/strong> 6 kuud alates ostukuup\u00e4evast.<\/p>\n\n\n\n<p><strong>Kinkekaardi tellimiseks<\/strong> kirjuta meile:<br \/>\ud83d\udce7 <strong><a>info@rebalatallid.com<\/a><\/strong><\/p>\n\n\n\n<p>Kingi elamus, mis pakub r\u00f5\u00f5mu, emotsioone ja m\u00e4lestusi \u2014 <strong>Rebala Tallide kinkekaardiga!<\/strong><\/p>\n\n\n\n<p><\/p>\n","protected":false},"excerpt":{"rendered":"<p>Soovid kinkida midagi t\u00f5eliselt erilist ja meeldej\u00e4\u00e4vat?Rebala Tallide kinkekaart on ideaalne kingitus k\u00f5igile, kes hindavad loomi, loodust ja uusi elamusi! Rebala Tallid pakub kinkekaarte erinevas hinnaklassis \u2014 t\u00e4pselt sellise v\u00e4\u00e4rtusega, nagu sina soovid. Kinkekaart sobib &hellip; <a title=\"Kingekaardid\" class=\"exalt-read-more\" href=\"https:\/\/rebalatallid.com\/?page_id=12785&#038;lang=et\"><span class=\"screen-reader-text\">Kingekaardid<\/span>Read more<\/a><\/p>\n","protected":false},"author":1,"featured_media":0,"parent":0,"menu_order":0,"comment_status":"closed","ping_status":"closed","template":"","meta":{"footnotes":""},"class_list":["post-12785","page","type-page","status-publish","hentry","exalt-entry"],"_links":{"self":[{"href":"https:\/\/rebalatallid.com\/index.php?rest_route=\/wp\/v2\/pages\/12785"}],"collection":[{"href":"https:\/\/rebalatallid.com\/index.php?rest_route=\/wp\/v2\/pages"}],"about":[{"href":"https:\/\/rebalatallid.com\/index.php?rest_route=\/wp\/v2\/types\/page"}],"author":[{"embeddable":true,"href":"https:\/\/rebalatallid.com\/index.php?rest_route=\/wp\/v2\/users\/1"}],"replies":[{"embeddable":true,"href":"https:\/\/rebalatallid.com\/index.php?rest_route=%2Fwp%2Fv2%2Fcomments&post=12785"}],"version-history":[{"count":2,"href":"https:\/\/rebalatallid.com\/index.php?rest_route=\/wp\/v2\/pages\/12785\/revisions"}],"predecessor-version":[{"id":12788,"href":"https:\/\/rebalatallid.com\/index.php?rest_route=\/wp\/v2\/pages\/12785\/revisions\/12788"}],"wp:attachment":[{"href":"https:\/\/rebalatallid.com\/index.php?rest_route=%2Fwp%2Fv2%2Fmedia&parent=12785"}],"curies":[{"name":"wp","href":"https:\/\/api.w.org\/{rel}","templated":true}]}}