{"id":365,"date":"2015-06-27T15:28:04","date_gmt":"2015-06-27T12:28:04","guid":{"rendered":"http:\/\/localhost\/wp\/?page_id=365"},"modified":"2025-05-01T15:09:21","modified_gmt":"2025-05-01T12:09:21","slug":"meelespea-2","status":"publish","type":"page","link":"https:\/\/rebalatallid.com\/?page_id=365&lang=et","title":{"rendered":"Meelespea"},"content":{"rendered":"\t\t<div data-elementor-type=\"wp-page\" data-elementor-id=\"365\" class=\"elementor elementor-365\">\n\t\t\t\t<div class=\"elementor-element elementor-element-2011cda5 e-flex e-con-boxed e-con e-parent\" data-id=\"2011cda5\" data-element_type=\"container\" data-e-type=\"container\">\n\t\t\t\t\t<div class=\"e-con-inner\">\n\t\t\t\t<div class=\"elementor-element elementor-element-67d6cf3a elementor-widget elementor-widget-text-editor\" data-id=\"67d6cf3a\" data-element_type=\"widget\" data-e-type=\"widget\" data-widget_type=\"text-editor.default\">\n\t\t\t\t<div class=\"elementor-widget-container\">\n\t\t\t\t\t\t\t\t\t<p><span style=\"color: #000000;\"><strong>K\u00dcLALISE MEELESPEA<\/strong><\/span><br \/><span style=\"color: #000000;\">M\u00f5ned soovitused, mis kindlustavad meeldiva k\u00fclask\u00e4igu.<\/span><\/p><p><strong><span style=\"color: #000000;\">K\u00d5IK TEENUSED ON ETTETELLIMISEL!<\/span><\/strong><br \/><span style=\"color: #000000;\">Oma k\u00fclask\u00e4ik koosk\u00f5lasta alati ette meili teel\u00a0<a style=\"color: #000000;\" href=\"mailto:info@rebalatallid.com\">info@rebalatallid.com<\/a><\/span><\/p><ul><li><span style=\"color: #000000;\">Eelk\u00f5ige tehke kindlaks, et Teil ei oleks hobuste vastu allergiat!<\/span><span style=\"color: #000000;\"><br \/><\/span><\/li><li><span style=\"color: #000000;\">Kuna hobune on saakloom ja loomulikult kardab kiskjaid, siis oma lemmikloomad j\u00e4ta meile k\u00fclla tulles palun koju.<\/span><\/li><li><p><span style=\"color: #000000;\">Jalgrattad, suusad, lapsevankrid ja lahtised vihmavarjud hirmutavad hobuseid. Oleks hea, kui Te arvestaksite sellega!<\/span><\/p><\/li><\/ul><p><span style=\"color: #000000;\"><strong>M\u00f5tle roheliselt:<\/strong>\u00a0aseta pr\u00fcgi selleks etten\u00e4htud kohta ja korista enda j\u00e4rel, et \u00e4raminnes oleks koht sama puhas ja kaunis kui k\u00fclla tulles!<\/span><br \/><span style=\"color: #000000;\">\u2022\u00a0S\u00e4\u00e4sta elektrit ja vett: ehk ruumist lahkudes l\u00fclita v\u00e4lja elektriallikas!<br \/><\/span><span style=\"color: #000000;\">\u2022 Lapsevanemate, eestkostjate, teenuste tellija v\u00f5i saatjate kohuseks on j\u00e4lgida territooriumil oma ja\/v\u00f5i kutsutud lapsi. Rebala Tallid meeskond ei v\u00f5ta vastutust ega teosta laste \u00fcle j\u00e4relevalvet Rebala Tallides ja talliterritooriumil.<br \/><\/span><span style=\"color: #000000;\">\u2022 <\/span><span style=\"color: #000000;\">Lapsevanemad, eestkostjat, teenuste tellija v\u00f5i saatjat vastutab kogu grupi eest(st j\u00e4lgib, et k\u00f5ik grupiliikmed oleksid kursis Rebala Tallide kodukorraga ja arvestaksid sellega). <br \/><\/span><span style=\"color: #000000; background-color: var(--exalt-color-body-background); font-family: var(--exalt-font-family-body); font-size: 1rem;\">\u2022 Palume k\u00fclastajatel arvestada ka teiste Rebala Tallide k\u00fclastajadega ja\/v\u00f5i puhkajatega ning l\u00e4hi\u00fcmbruses elevate naabritega.<br \/><\/span><span style=\"color: #000000; background-color: var(--exalt-color-body-background); font-family: var(--exalt-font-family-body); font-size: 1rem;\">\u2022 Oma lemmikloomad j\u00e4tke koju.<br \/><\/span><span style=\"color: #000000; background-color: var(--exalt-color-body-background); font-family: var(--exalt-font-family-body); font-size: 1rem;\">\u2022 L\u00f5hutud inventarist palume koheselt teatada ja leppida kokku vara kompenseerimine.<br \/><\/span><span style=\"font-family: var(--exalt-font-family-body); font-size: 1rem; color: #000000; background-color: var(--exalt-color-body-background);\">\u2022 <\/span><span style=\"color: #000000;\">Tallis ja talli territooriumil on suitsetamine <strong>RANGELT KEELATUD!<\/strong><\/span><\/p><p><span style=\"color: #000000;\"><strong>PEA MEELES: TALL ON HOBUSTE KODU!<\/strong> <br \/><span style=\"color: #000000; background-color: var(--exalt-color-body-background); font-family: var(--exalt-font-family-body); font-size: 1rem;\">\u2022 <\/span><\/span><span style=\"color: #000000;\">Hobused armastavad rahu ja vaikust. Meie peame sellega arvestama ja k\u00e4ituma vastavalt. <br \/><span style=\"color: #000000; background-color: var(--exalt-color-body-background); font-family: var(--exalt-font-family-body); font-size: 1rem;\">\u2022 <\/span><\/span><span style=\"color: #000000;\">Tallis ja talli territooriumil ei tohi joosta, karjuda ja muul viisil hobuste rahu h\u00e4irida.<\/span><\/p><p><strong><span style=\"color: #000000;\">MAIUSED HOBUSTELE<br \/><img decoding=\"async\" src=\"https:\/\/encrypted-tbn0.gstatic.com\/images?q=tbn:ANd9GcQX6PUtNqS-XB_k7swVd15T8QtQkQRm61WNzQ&amp;s\" alt=\"PORGANDID - SINU KEHA S\u00d5BER\" \/> <br \/><span style=\"color: #000000; background-color: var(--exalt-color-body-background); font-family: var(--exalt-font-family-body); font-size: 1rem;\">\u2022 <\/span><\/span><\/strong>Hobustele tuleks alati kaasa v\u00f5tta kuivatatud leiba ja pestud porgandeid. Kuna hobuste soolestik on v\u00e4ga tundlik, on oluline, et maiuspalad oleksid kvaliteetsed. <br \/><span style=\"color: #000000; background-color: var(--exalt-color-body-background); font-family: var(--exalt-font-family-body); font-size: 1rem;\">\u2022 <\/span><strong data-start=\"344\" data-end=\"373\">M\u00d5TLEME LOOMADE HEAOLULE.<br \/><\/strong><strong style=\"background-color: var(--exalt-color-body-background); color: var(--exalt-color-text-main); font-family: var(--exalt-font-family-body); font-size: 1rem;\" data-start=\"344\" data-end=\"373\"><span style=\"color: #000000; background-color: var(--exalt-color-body-background); font-family: var(--exalt-font-family-body); font-size: 1rem;\">\u2022<\/span> <\/strong><span style=\"background-color: var(--exalt-color-body-background); color: var(--exalt-color-text-main); font-family: var(--exalt-font-family-body); font-size: 1rem;\">Kuna Rebala tallides k\u00fclastab p\u00e4eva jooksul palju inimesi, on <\/span><strong style=\"background-color: var(--exalt-color-body-background); color: var(--exalt-color-text-main); font-family: var(--exalt-font-family-body); font-size: 1rem;\" data-start=\"438\" data-end=\"503\">iseenesest s\u00f6\u00f6tmine hobuseid ja teisi loomi RANGELT KEELATUD. <br \/><span style=\"color: #000000; background-color: var(--exalt-color-body-background); font-family: var(--exalt-font-family-body); font-size: 1rem;\">\u2022<\/span><\/strong>Talli toodud maiustused tuleb panna eraldi etten\u00e4htud <strong data-start=\"560\" data-end=\"584\">maiustuste \u00e4mbrisse.<\/strong><\/p><p style=\"text-align: left;\"><strong><span style=\"color: #000000;\">TREENING<br \/><a href=\"https:\/\/rebalatallid.com\/wp-content\/uploads\/2025\/03\/451478538_8063147293743020_3415896313424656313_n.jpg\"><img fetchpriority=\"high\" decoding=\"async\" class=\"alignnone size-medium wp-image-11037\" src=\"https:\/\/rebalatallid.com\/wp-content\/uploads\/2025\/03\/451478538_8063147293743020_3415896313424656313_n-300x228.jpg\" alt=\"\" width=\"300\" height=\"228\" srcset=\"https:\/\/rebalatallid.com\/wp-content\/uploads\/2025\/03\/451478538_8063147293743020_3415896313424656313_n-300x228.jpg 300w, https:\/\/rebalatallid.com\/wp-content\/uploads\/2025\/03\/451478538_8063147293743020_3415896313424656313_n-1024x778.jpg 1024w, https:\/\/rebalatallid.com\/wp-content\/uploads\/2025\/03\/451478538_8063147293743020_3415896313424656313_n-768x584.jpg 768w, https:\/\/rebalatallid.com\/wp-content\/uploads\/2025\/03\/451478538_8063147293743020_3415896313424656313_n-1536x1167.jpg 1536w, https:\/\/rebalatallid.com\/wp-content\/uploads\/2025\/03\/451478538_8063147293743020_3415896313424656313_n-1300x988.jpg 1300w, https:\/\/rebalatallid.com\/wp-content\/uploads\/2025\/03\/451478538_8063147293743020_3415896313424656313_n.jpg 2048w\" sizes=\"(max-width: 300px) 100vw, 300px\" \/><\/a> <br \/><\/span><\/strong><strong><span style=\"color: #000000;\"><strong style=\"color: var(--exalt-color-text-main); font-family: var(--exalt-font-family-body); font-size: 1rem; background-color: var(--exalt-color-body-background);\"><span style=\"color: #000000; background-color: var(--exalt-color-body-background); font-family: var(--exalt-font-family-body); font-size: 1rem;\">\u2022 <\/span><\/strong><\/span><\/strong><span style=\"color: #000000;\">Treeningule tullakse 10-15 min. enne oma tundi ja lahkutakse 20 min. peale tundi.<br \/><strong style=\"color: var(--exalt-color-text-main); font-family: var(--exalt-font-family-body); font-size: 1rem; background-color: var(--exalt-color-body-background);\"><span style=\"color: #000000; background-color: var(--exalt-color-body-background); font-family: var(--exalt-font-family-body); font-size: 1rem;\">\u2022 <\/span><\/strong><\/span><span style=\"color: #000000;\">K\u00fclalised on kohustatud t\u00e4itma k\u00f5iki talli sisekorra eeskirju ja vastutavate isikute korraldusi, mis puudutavad ohutuse tagamist hobustega tegelemisel, tuleohutuse ja teisi ohutustehnika n\u00f5udeid puudutavaid tegevusi. <br \/><strong style=\"color: var(--exalt-color-text-main); font-family: var(--exalt-font-family-body); font-size: 1rem; background-color: var(--exalt-color-body-background);\"><span style=\"color: #000000; background-color: var(--exalt-color-body-background); font-family: var(--exalt-font-family-body); font-size: 1rem;\">\u2022 <\/span><\/strong><\/span><span style=\"color: #000000;\">Hobuste s\u00f6\u00f6tmise eest hoolitseb ainult tallipersonal. <br \/><strong style=\"color: var(--exalt-color-text-main); font-family: var(--exalt-font-family-body); font-size: 1rem; background-color: var(--exalt-color-body-background);\"><span style=\"color: #000000; background-color: var(--exalt-color-body-background); font-family: var(--exalt-font-family-body); font-size: 1rem;\">\u2022 <\/span><\/strong><\/span><span style=\"color: #000000;\">K\u00fclaline ei tohi oma last ega tema treeningu- v\u00f5i kaaslast platsi k\u00f5rvalt v\u00f5i trib\u00fc\u00fcnilt \u00f5petada.<br \/><strong style=\"color: var(--exalt-color-text-main); font-family: var(--exalt-font-family-body); font-size: 1rem; background-color: var(--exalt-color-body-background);\"><span style=\"color: #000000; background-color: var(--exalt-color-body-background); font-family: var(--exalt-font-family-body); font-size: 1rem;\">\u2022 <\/span><\/strong><\/span><span style=\"color: #000000;\">Treeningute ajal on ohtlik kanda suuri ja rippuvaid k\u00f5rvar\u00f5ngaid, need tuleb treeningu ajaks k\u00f5rvast eemaldada. <br \/><strong style=\"color: var(--exalt-color-text-main); font-family: var(--exalt-font-family-body); font-size: 1rem; background-color: var(--exalt-color-body-background);\"><span style=\"color: #000000; background-color: var(--exalt-color-body-background); font-family: var(--exalt-font-family-body); font-size: 1rem;\">\u2022 <\/span><\/strong><\/span><span style=\"color: #000000;\">Treeningul ei tohi ratsanikul olla suus n\u00e4rimiskumm. <br \/><strong style=\"color: var(--exalt-color-text-main); font-family: var(--exalt-font-family-body); font-size: 1rem; background-color: var(--exalt-color-body-background);\"><span style=\"color: #000000; background-color: var(--exalt-color-body-background); font-family: var(--exalt-font-family-body); font-size: 1rem;\">\u2022 <\/span><\/strong><\/span><span style=\"color: #000000;\">Taskus ei tohi olla telefone, ega muid v\u00e4\u00e4risesemeid.<\/span><\/p><p><strong><span style=\"color: #000000;\">RIIETUS <br \/><strong style=\"color: var(--exalt-color-text-main); font-family: var(--exalt-font-family-body); font-size: 1rem; background-color: var(--exalt-color-body-background);\"><span style=\"color: #000000; background-color: var(--exalt-color-body-background); font-family: var(--exalt-font-family-body); font-size: 1rem;\">\u2022 <\/span><\/strong><\/span><\/strong><span style=\"color: #000000;\">Esmakordselt ratsutama v\u00f5i talli tulles riietu mugavalt. Parem on kui riided ei sahise, krabise ega lehvi. <br \/><span style=\"color: #000000; background-color: var(--exalt-color-body-background); font-family: var(--exalt-font-family-body); font-size: 1rem;\">\u2022 M<\/span><\/span><span style=\"color: #000000;\">Ei ole m\u00f5istlik tulla valget v\u00e4rvi riietusega! <br \/><strong style=\"color: var(--exalt-color-text-main); font-family: var(--exalt-font-family-body); font-size: 1rem; background-color: var(--exalt-color-body-background);\"><span style=\"color: #000000; background-color: var(--exalt-color-body-background); font-family: var(--exalt-font-family-body); font-size: 1rem;\">\u2022<\/span><\/strong> <\/span><span style=\"color: #000000;\">Turvakiivri saab algul kohapealt. <br \/><strong style=\"color: var(--exalt-color-text-main); font-family: var(--exalt-font-family-body); font-size: 1rem; background-color: var(--exalt-color-body-background);\"><span style=\"color: #000000; background-color: var(--exalt-color-body-background); font-family: var(--exalt-font-family-body); font-size: 1rem;\">\u2022<\/span><\/strong> <\/span><span style=\"color: #000000;\">Jalan\u00f5ud peavad vastama j\u00e4rgmistele n\u00f5udmistele: saabastel sile tald, konts 1-3 cm, s\u00e4\u00e4red ulatuma allapoole p\u00f5lve v\u00f5i l\u00fchikesed saapad ja s\u00e4\u00e4rised. <br \/><strong style=\"color: var(--exalt-color-text-main); font-family: var(--exalt-font-family-body); font-size: 1rem; background-color: var(--exalt-color-body-background);\"><span style=\"color: #000000; background-color: var(--exalt-color-body-background); font-family: var(--exalt-font-family-body); font-size: 1rem;\">\u2022 <\/span><\/strong><\/span><span style=\"color: #000000;\">Ratsutamisp\u00fcksid ei tohi olla kilematerjalist (libedad), ega ka liiga suured (laiad), jala alaosast kindlasti kinnitatavad. <br \/><strong style=\"color: var(--exalt-color-text-main); font-family: var(--exalt-font-family-body); font-size: 1rem; background-color: var(--exalt-color-body-background);\"><span style=\"color: #000000; background-color: var(--exalt-color-body-background); font-family: var(--exalt-font-family-body); font-size: 1rem;\">\u2022 <\/span><\/strong><\/span><span style=\"color: #000000;\">Ratsutamise ajaks voetakse jope \u00e4ra, kuid treeningu l\u00f5ppedes pannakse see kindlasti selga tagasi (vastavalt ilmastikutingimustele).<br \/><strong style=\"color: var(--exalt-color-text-main); font-family: var(--exalt-font-family-body); font-size: 1rem; background-color: var(--exalt-color-body-background);\"><span style=\"color: #000000; background-color: var(--exalt-color-body-background); font-family: var(--exalt-font-family-body); font-size: 1rem;\">\u2022 <\/span><\/strong> <\/span><span style=\"color: #000000;\">Ratsanikul peab seljas olema selline riietus, mis v\u00f5imaldab treeneril j\u00e4lgida tema istakut (soovitatavalt ratsutamisvest). <br \/><strong style=\"color: var(--exalt-color-text-main); font-family: var(--exalt-font-family-body); font-size: 1rem; background-color: var(--exalt-color-body-background);\"><span style=\"color: #000000; background-color: var(--exalt-color-body-background); font-family: var(--exalt-font-family-body); font-size: 1rem;\">\u2022 <\/span><\/strong><\/span><span style=\"color: #000000;\">Peas peab olema ratsakiiver (kaska) ja soovitatavalt seljas ka turvavest. Kaska antakse esimestel tundidel kohapeal. Hiljem on soovitav soetada isiklik kaska. <br \/><strong style=\"color: var(--exalt-color-text-main); font-family: var(--exalt-font-family-body); font-size: 1rem; background-color: var(--exalt-color-body-background);\"><span style=\"color: #000000; background-color: var(--exalt-color-body-background); font-family: var(--exalt-font-family-body); font-size: 1rem;\">\u2022 <\/span><\/strong><\/span><span style=\"color: #000000;\">Kaska alt ei tohi lahtised juuksed lehvida.<\/span><\/p><p><a href=\"https:\/\/media.voog.com\/0000\/0050\/2012\/files\/RK-Programmi-%C3%B5ppematerjalid-2.pdf\">https:\/\/media.voog.com\/0000\/0050\/2012\/files\/RK-Programmi-%C3%B5ppematerjalid-2.pdf<\/a><\/p><p><!-- \/wp:paragraph --><\/p>\t\t\t\t\t\t\t\t<\/div>\n\t\t\t\t<\/div>\n\t\t\t\t\t<\/div>\n\t\t\t\t<\/div>\n\t\t\t\t<\/div>\n\t\t","protected":false},"excerpt":{"rendered":"<p>K\u00dcLALISE MEELESPEAM\u00f5ned soovitused, mis kindlustavad meeldiva k\u00fclask\u00e4igu. K\u00d5IK TEENUSED ON ETTETELLIMISEL!Oma k\u00fclask\u00e4ik koosk\u00f5lasta alati ette meili teel\u00a0info@rebalatallid.com Eelk\u00f5ige tehke kindlaks, et Teil ei oleks hobuste vastu allergiat! Kuna hobune on saakloom ja loomulikult kardab kiskjaid, &hellip; <a title=\"Meelespea\" class=\"exalt-read-more\" href=\"https:\/\/rebalatallid.com\/?page_id=365&#038;lang=et\"><span class=\"screen-reader-text\">Meelespea<\/span>Read more<\/a><\/p>\n","protected":false},"author":1,"featured_media":0,"parent":0,"menu_order":4,"comment_status":"closed","ping_status":"closed","template":"","meta":{"footnotes":""},"class_list":["post-365","page","type-page","status-publish","hentry","exalt-entry"],"_links":{"self":[{"href":"https:\/\/rebalatallid.com\/index.php?rest_route=\/wp\/v2\/pages\/365"}],"collection":[{"href":"https:\/\/rebalatallid.com\/index.php?rest_route=\/wp\/v2\/pages"}],"about":[{"href":"https:\/\/rebalatallid.com\/index.php?rest_route=\/wp\/v2\/types\/page"}],"author":[{"embeddable":true,"href":"https:\/\/rebalatallid.com\/index.php?rest_route=\/wp\/v2\/users\/1"}],"replies":[{"embeddable":true,"href":"https:\/\/rebalatallid.com\/index.php?rest_route=%2Fwp%2Fv2%2Fcomments&post=365"}],"version-history":[{"count":88,"href":"https:\/\/rebalatallid.com\/index.php?rest_route=\/wp\/v2\/pages\/365\/revisions"}],"predecessor-version":[{"id":11933,"href":"https:\/\/rebalatallid.com\/index.php?rest_route=\/wp\/v2\/pages\/365\/revisions\/11933"}],"wp:attachment":[{"href":"https:\/\/rebalatallid.com\/index.php?rest_route=%2Fwp%2Fv2%2Fmedia&parent=365"}],"curies":[{"name":"wp","href":"https:\/\/api.w.org\/{rel}","templated":true}]}}