{"id":4241,"date":"2019-06-13T15:59:09","date_gmt":"2019-06-13T12:59:09","guid":{"rendered":"http:\/\/rebalatallid.com\/?page_id=4241"},"modified":"2025-06-12T17:17:34","modified_gmt":"2025-06-12T14:17:34","slug":"laagri-sisekorra-reeglid","status":"publish","type":"page","link":"https:\/\/rebalatallid.com\/?page_id=4241&lang=et","title":{"rendered":"Info laagrisse tulekuks"},"content":{"rendered":"\t\t<div data-elementor-type=\"wp-page\" data-elementor-id=\"4241\" class=\"elementor elementor-4241\">\n\t\t\t\t<div class=\"elementor-element elementor-element-b04943f e-flex e-con-boxed e-con e-parent\" data-id=\"b04943f\" data-element_type=\"container\" data-e-type=\"container\">\n\t\t\t\t\t<div class=\"e-con-inner\">\n\t\t\t\t<div class=\"elementor-element elementor-element-5205353b elementor-widget elementor-widget-text-editor\" data-id=\"5205353b\" data-element_type=\"widget\" data-e-type=\"widget\" data-widget_type=\"text-editor.default\">\n\t\t\t\t<div class=\"elementor-widget-container\">\n\t\t\t\t\t\t\t\t\t<p><span style=\"font-family: var( --e-global-typography-text-font-family ), Sans-serif; text-align: var(--text-align); font-size: var(--exalt-font-size-md); background-color: var(--exalt-color-body-background);\"><span style=\"font-weight: var( --e-global-typography-text-font-weight );\">Lapsevanem ennem kui soovid broneerida aega laagrisse VEENDU, et laps on piisavalt iseseisev \u2013 ehk laps saab iseseisvalt hakkama.<\/span><\/span><\/p><p>Laagrisse saabumine toimub 10.00 ning lahkumine reedel 18.00.<br \/><span style=\"background-color: var(--exalt-color-body-background); color: var(--exalt-color-text-main); font-family: var(--exalt-font-family-body); font-size: 1rem;\"><br \/>Laagrist varem omal soovil lahkumisel, kodukorrast kinni mitte pidamisel, haigestumisel v\u00f5i trauma tagaj\u00e4rjel laagrist varem lahkumisel, ei kuulu laagri raha tagastamisele ega tasaarveldamisele. Selle jaoks soovitame omada kindlustust.<\/span><\/p><p><span style=\"background-color: var(--exalt-color-body-background); color: var(--exalt-color-text-main); font-family: var(--exalt-font-family-body); font-size: 1rem;\">Lapsevanem vastutab, et laagrisse saabuv laps on terve. Kui lapsel on allergia v\u00f5i erivajadused, siis sellest tuleb teada anda juba registreerimisel.<\/span><\/p><p><span style=\"background-color: var(--exalt-color-body-background); color: var(--exalt-color-text-main); font-family: var(--exalt-font-family-body); font-size: 1rem;\">30% ettemaks on laagri broneerimistasu ning anuleerimisel ei kuulu see tagastamisele ega tasaarveldamisele juhul, kui laagrini j\u00e4\u00e4b v\u00e4hem, kui 30 p\u00e4eva.<\/span><\/p><p>Kui on m\u00f5juv p\u00f5hjus laagrisse mittetulemiseks (\u00f5nnetus, haigestumine), siis saab tasutud raha \u00fcmber arvestada meie teiste teenuste eest maksmiseks.<\/p><p>Broneering j\u00f5ustub alates broneerimistasu laekumisest.\u00a0<br \/>Tasumine toimub \u00fclekandega v\u00f5i sularahas. Kui Te soovite arvet, siis andke sellest teada registreerimise k\u00e4igus. <br \/>\u00dclekandega tasudes peab olema kogu laagritasu tasutud hiljemalt \u00fcks (1) p\u00e4ev enne laagri algust .<br \/><span style=\"background-color: var(--exalt-color-body-background); color: var(--exalt-color-text-main); font-family: var(--exalt-font-family-body); font-size: 1rem;\"><br \/>Laagri korraldajal on \u00f5igus last kes ei pea laagri reeglittest ja ohutustehnikast koju saata, ning makstud raha ei kuulu tagastamisele. Seega palume lapsevanemal lugeda koos lapsega kodukorda ja ohutustehnika tallis ja talliterritooriumil ja veenduda, et laps sai k\u00f5igest aru!<\/span><\/p><p>Laagrivahetuse ajal k\u00e4ime ekskursioonidel ja k\u00fclastame k\u00fclapoodi, seega andke palun lapsele kuni 20 eur (peenemat raha).<\/p><p>Kuni 18 aastastel edasij\u00f5udnute laagrivahetuses, kes osalevad h\u00fcppetrennides on kohustulik kanda turvavesti (peab olema oma).<\/p><p>Lastel, kellel ei ole isikliku turvakiivrit saab trenniks kasutada talli oma.<\/p><p>Laagris on s\u00fclearvutid, tahvelarvutid ja muud tehnilised vahendid \u00fcleliigsed ning need palume j\u00e4tta koju!<\/p><p>Palun arvestada ja selgitada lapsele juba kodus, et laagris korjatakse telefonid \u00f6\u00f6rahu ajaks kasvataja k\u00e4tte, alates kella 22.00 \u00f5htul kuni hommikuse \u00e4ratuseni kell 9.00.<\/p><p>Laagrisse tulevad lapsed \u00fcksteisega suhtlema, loomade eest hoolitsema, ratsutama ja m\u00f5nusalt kasvatajate\/treenerite poolt sisustatud aega veetma, mitte telefonides m\u00e4ngima.<\/p><p>Meie p\u00f5hitreener FEI LEVEL 1 (FEI F\u00e9d\u00e9ration Equestre Internationale) Julia Katok on \u00fcle 30-aastane ning kasvatajal \u00fcle 10-aastane kogemus ja me soovime pakkuda lastele turvalist informatiivset ning praktilist laagrikogemust hobuste ja loomade keskel maal.<\/p><p>N\u00e4eme laagris!<\/p><p><a href=\"https:\/\/rebalatallid.com\/wp-content\/uploads\/2019\/07\/REBALA-TALLI-KODUKORD-JA-OHUTUSTEHNIKA.doc\">REBALA TALLI KODUKORD JA OHUTUSTEHNIKA<\/a><\/p>\t\t\t\t\t\t\t\t<\/div>\n\t\t\t\t<\/div>\n\t\t\t\t\t<\/div>\n\t\t\t\t<\/div>\n\t\t<div class=\"elementor-element elementor-element-06e8a37 e-flex e-con-boxed e-con e-parent\" data-id=\"06e8a37\" data-element_type=\"container\" data-e-type=\"container\">\n\t\t\t\t\t<div class=\"e-con-inner\">\n\t\t<div class=\"elementor-element elementor-element-5c554da e-con-full e-flex e-con e-child\" data-id=\"5c554da\" data-element_type=\"container\" data-e-type=\"container\">\n\t\t\t\t<div class=\"elementor-element elementor-element-e3914db elementor-widget elementor-widget-image\" data-id=\"e3914db\" data-element_type=\"widget\" data-e-type=\"widget\" data-widget_type=\"image.default\">\n\t\t\t\t<div class=\"elementor-widget-container\">\n\t\t\t\t\t\t\t\t\t\t\t\t\t\t\t\t<a href=\"https:\/\/rebalatallid.com\/wp-content\/uploads\/2015\/10\/BUKAS2.jpg\" data-elementor-open-lightbox=\"yes\" data-elementor-lightbox-title=\"BUKAS2\" data-e-action-hash=\"#elementor-action%3Aaction%3Dlightbox%26settings%3DeyJpZCI6MTMzOSwidXJsIjoiaHR0cHM6XC9cL3JlYmFsYXRhbGxpZC5jb21cL3dwLWNvbnRlbnRcL3VwbG9hZHNcLzIwMTVcLzEwXC9CVUtBUzIuanBnIn0%3D\">\n\t\t\t\t\t\t\t<img fetchpriority=\"high\" decoding=\"async\" width=\"680\" height=\"531\" src=\"https:\/\/rebalatallid.com\/wp-content\/uploads\/2015\/10\/BUKAS2.jpg\" class=\"attachment-large size-large wp-image-1339\" alt=\"\" srcset=\"https:\/\/rebalatallid.com\/wp-content\/uploads\/2015\/10\/BUKAS2.jpg 680w, https:\/\/rebalatallid.com\/wp-content\/uploads\/2015\/10\/BUKAS2-300x234.jpg 300w\" sizes=\"(max-width: 680px) 100vw, 680px\" \/>\t\t\t\t\t\t\t\t<\/a>\n\t\t\t\t\t\t\t\t\t\t\t\t\t\t\t<\/div>\n\t\t\t\t<\/div>\n\t\t\t\t<\/div>\n\t\t<div class=\"elementor-element elementor-element-afedf9e e-con-full e-flex e-con e-child\" data-id=\"afedf9e\" data-element_type=\"container\" data-e-type=\"container\">\n\t\t\t\t<div class=\"elementor-element elementor-element-533d8fb elementor-widget elementor-widget-image\" data-id=\"533d8fb\" data-element_type=\"widget\" data-e-type=\"widget\" data-widget_type=\"image.default\">\n\t\t\t\t<div class=\"elementor-widget-container\">\n\t\t\t\t\t\t\t\t\t\t\t\t\t\t\t\t<a href=\"https:\/\/rebalatallid.com\/wp-content\/uploads\/2025\/04\/IMG_20230622_154257-scaled.jpg\" data-elementor-open-lightbox=\"yes\" data-elementor-lightbox-title=\"IMG_20230622_154257\" data-e-action-hash=\"#elementor-action%3Aaction%3Dlightbox%26settings%3DeyJpZCI6MTE2MjUsInVybCI6Imh0dHBzOlwvXC9yZWJhbGF0YWxsaWQuY29tXC93cC1jb250ZW50XC91cGxvYWRzXC8yMDI1XC8wNFwvSU1HXzIwMjMwNjIyXzE1NDI1Ny1zY2FsZWQuanBnIn0%3D\">\n\t\t\t\t\t\t\t<img decoding=\"async\" width=\"768\" height=\"1024\" src=\"https:\/\/rebalatallid.com\/wp-content\/uploads\/2025\/04\/IMG_20230622_154257-768x1024.jpg\" class=\"attachment-large size-large wp-image-11625\" alt=\"\" srcset=\"https:\/\/rebalatallid.com\/wp-content\/uploads\/2025\/04\/IMG_20230622_154257-768x1024.jpg 768w, https:\/\/rebalatallid.com\/wp-content\/uploads\/2025\/04\/IMG_20230622_154257-225x300.jpg 225w, https:\/\/rebalatallid.com\/wp-content\/uploads\/2025\/04\/IMG_20230622_154257-1152x1536.jpg 1152w, https:\/\/rebalatallid.com\/wp-content\/uploads\/2025\/04\/IMG_20230622_154257-1536x2048.jpg 1536w, https:\/\/rebalatallid.com\/wp-content\/uploads\/2025\/04\/IMG_20230622_154257-1300x1733.jpg 1300w, https:\/\/rebalatallid.com\/wp-content\/uploads\/2025\/04\/IMG_20230622_154257-scaled.jpg 1920w\" sizes=\"(max-width: 768px) 100vw, 768px\" \/>\t\t\t\t\t\t\t\t<\/a>\n\t\t\t\t\t\t\t\t\t\t\t\t\t\t\t<\/div>\n\t\t\t\t<\/div>\n\t\t\t\t<\/div>\n\t\t\t\t<div class=\"elementor-element elementor-element-6a3250d elementor-widget elementor-widget-image\" data-id=\"6a3250d\" data-element_type=\"widget\" data-e-type=\"widget\" data-widget_type=\"image.default\">\n\t\t\t\t<div class=\"elementor-widget-container\">\n\t\t\t\t\t\t\t\t\t\t\t\t\t\t\t\t<a href=\"https:\/\/rebalatallid.com\/wp-content\/uploads\/2021\/03\/DSC_3787-scaled.jpg\" data-elementor-open-lightbox=\"yes\" data-elementor-lightbox-title=\"DSC_3787\" data-e-action-hash=\"#elementor-action%3Aaction%3Dlightbox%26settings%3DeyJpZCI6NTY2NywidXJsIjoiaHR0cHM6XC9cL3JlYmFsYXRhbGxpZC5jb21cL3dwLWNvbnRlbnRcL3VwbG9hZHNcLzIwMjFcLzAzXC9EU0NfMzc4Ny1zY2FsZWQuanBnIn0%3D\">\n\t\t\t\t\t\t\t<img decoding=\"async\" width=\"900\" height=\"602\" src=\"https:\/\/rebalatallid.com\/wp-content\/uploads\/2021\/03\/DSC_3787-1024x685.jpg\" class=\"attachment-large size-large wp-image-5667\" alt=\"\" srcset=\"https:\/\/rebalatallid.com\/wp-content\/uploads\/2021\/03\/DSC_3787-1024x685.jpg 1024w, https:\/\/rebalatallid.com\/wp-content\/uploads\/2021\/03\/DSC_3787-300x201.jpg 300w, https:\/\/rebalatallid.com\/wp-content\/uploads\/2021\/03\/DSC_3787-768x514.jpg 768w, https:\/\/rebalatallid.com\/wp-content\/uploads\/2021\/03\/DSC_3787-1536x1028.jpg 1536w, https:\/\/rebalatallid.com\/wp-content\/uploads\/2021\/03\/DSC_3787-2048x1371.jpg 2048w\" sizes=\"(max-width: 900px) 100vw, 900px\" \/>\t\t\t\t\t\t\t\t<\/a>\n\t\t\t\t\t\t\t\t\t\t\t\t\t\t\t<\/div>\n\t\t\t\t<\/div>\n\t\t<div class=\"elementor-element elementor-element-d741384 e-con-full e-flex e-con e-child\" data-id=\"d741384\" data-element_type=\"container\" data-e-type=\"container\">\n\t\t\t\t<div class=\"elementor-element elementor-element-7c0c4b8 elementor-widget elementor-widget-image\" data-id=\"7c0c4b8\" data-element_type=\"widget\" data-e-type=\"widget\" data-widget_type=\"image.default\">\n\t\t\t\t<div class=\"elementor-widget-container\">\n\t\t\t\t\t\t\t\t\t\t\t\t\t\t\t\t<a href=\"https:\/\/rebalatallid.com\/wp-content\/uploads\/2024\/09\/IMG_20200607_131110-scaled-1.jpg\" data-elementor-open-lightbox=\"yes\" data-elementor-lightbox-title=\"IMG_20200607_131110-scaled\" data-e-action-hash=\"#elementor-action%3Aaction%3Dlightbox%26settings%3DeyJpZCI6Nzc1NCwidXJsIjoiaHR0cHM6XC9cL3JlYmFsYXRhbGxpZC5jb21cL3dwLWNvbnRlbnRcL3VwbG9hZHNcLzIwMjRcLzA5XC9JTUdfMjAyMDA2MDdfMTMxMTEwLXNjYWxlZC0xLmpwZyJ9\">\n\t\t\t\t\t\t\t<img loading=\"lazy\" decoding=\"async\" width=\"701\" height=\"513\" src=\"https:\/\/rebalatallid.com\/wp-content\/uploads\/2024\/09\/IMG_20200607_131110-scaled-1.jpg\" class=\"attachment-large size-large wp-image-7754\" alt=\"\" srcset=\"https:\/\/rebalatallid.com\/wp-content\/uploads\/2024\/09\/IMG_20200607_131110-scaled-1.jpg 701w, https:\/\/rebalatallid.com\/wp-content\/uploads\/2024\/09\/IMG_20200607_131110-scaled-1-300x220.jpg 300w\" sizes=\"(max-width: 701px) 100vw, 701px\" \/>\t\t\t\t\t\t\t\t<\/a>\n\t\t\t\t\t\t\t\t\t\t\t\t\t\t\t<\/div>\n\t\t\t\t<\/div>\n\t\t\t\t<div class=\"elementor-element elementor-element-087d84f elementor-widget elementor-widget-image\" data-id=\"087d84f\" data-element_type=\"widget\" data-e-type=\"widget\" data-widget_type=\"image.default\">\n\t\t\t\t<div class=\"elementor-widget-container\">\n\t\t\t\t\t\t\t\t\t\t\t\t\t\t\t<img loading=\"lazy\" decoding=\"async\" width=\"768\" height=\"1024\" src=\"https:\/\/rebalatallid.com\/wp-content\/uploads\/2024\/06\/IMG_20220820_214459-768x1024.jpg\" class=\"attachment-large size-large wp-image-7097\" alt=\"\" srcset=\"https:\/\/rebalatallid.com\/wp-content\/uploads\/2024\/06\/IMG_20220820_214459-768x1024.jpg 768w, https:\/\/rebalatallid.com\/wp-content\/uploads\/2024\/06\/IMG_20220820_214459-225x300.jpg 225w, https:\/\/rebalatallid.com\/wp-content\/uploads\/2024\/06\/IMG_20220820_214459-1152x1536.jpg 1152w, https:\/\/rebalatallid.com\/wp-content\/uploads\/2024\/06\/IMG_20220820_214459-1536x2048.jpg 1536w, https:\/\/rebalatallid.com\/wp-content\/uploads\/2024\/06\/IMG_20220820_214459-scaled.jpg 1920w\" sizes=\"(max-width: 768px) 100vw, 768px\" \/>\t\t\t\t\t\t\t\t\t\t\t\t\t\t\t<\/div>\n\t\t\t\t<\/div>\n\t\t\t\t<div class=\"elementor-element elementor-element-1735f71 elementor-widget elementor-widget-image\" data-id=\"1735f71\" data-element_type=\"widget\" data-e-type=\"widget\" data-widget_type=\"image.default\">\n\t\t\t\t<div class=\"elementor-widget-container\">\n\t\t\t\t\t\t\t\t\t\t\t\t\t\t\t\t<a href=\"https:\/\/rebalatallid.com\/wp-content\/uploads\/2024\/06\/IMG_20220711_214435-\u2014-\u043a\u043e\u043f\u0438\u044f-scaled.jpg\" data-elementor-open-lightbox=\"yes\" data-elementor-lightbox-title=\"IMG_20220711_214435 \u2014 \u043a\u043e\u043f\u0438\u044f\" data-e-action-hash=\"#elementor-action%3Aaction%3Dlightbox%26settings%3DeyJpZCI6NzA0OCwidXJsIjoiaHR0cHM6XC9cL3JlYmFsYXRhbGxpZC5jb21cL3dwLWNvbnRlbnRcL3VwbG9hZHNcLzIwMjRcLzA2XC9JTUdfMjAyMjA3MTFfMjE0NDM1LVx1MjAxNC1cdTA0M2FcdTA0M2VcdTA0M2ZcdTA0MzhcdTA0NGYtc2NhbGVkLmpwZyJ9\">\n\t\t\t\t\t\t\t<img loading=\"lazy\" decoding=\"async\" width=\"900\" height=\"675\" src=\"https:\/\/rebalatallid.com\/wp-content\/uploads\/2024\/06\/IMG_20220711_214435-\u2014-\u043a\u043e\u043f\u0438\u044f-1024x768.jpg\" class=\"attachment-large size-large wp-image-7048\" alt=\"\" srcset=\"https:\/\/rebalatallid.com\/wp-content\/uploads\/2024\/06\/IMG_20220711_214435-\u2014-\u043a\u043e\u043f\u0438\u044f-1024x768.jpg 1024w, https:\/\/rebalatallid.com\/wp-content\/uploads\/2024\/06\/IMG_20220711_214435-\u2014-\u043a\u043e\u043f\u0438\u044f-300x225.jpg 300w, https:\/\/rebalatallid.com\/wp-content\/uploads\/2024\/06\/IMG_20220711_214435-\u2014-\u043a\u043e\u043f\u0438\u044f-768x576.jpg 768w, https:\/\/rebalatallid.com\/wp-content\/uploads\/2024\/06\/IMG_20220711_214435-\u2014-\u043a\u043e\u043f\u0438\u044f-1536x1152.jpg 1536w, https:\/\/rebalatallid.com\/wp-content\/uploads\/2024\/06\/IMG_20220711_214435-\u2014-\u043a\u043e\u043f\u0438\u044f-2048x1536.jpg 2048w\" sizes=\"(max-width: 900px) 100vw, 900px\" \/>\t\t\t\t\t\t\t\t<\/a>\n\t\t\t\t\t\t\t\t\t\t\t\t\t\t\t<\/div>\n\t\t\t\t<\/div>\n\t\t\t\t<\/div>\n\t\t\t\t<div class=\"elementor-element elementor-element-2c13cca elementor-widget elementor-widget-image\" data-id=\"2c13cca\" data-element_type=\"widget\" data-e-type=\"widget\" data-widget_type=\"image.default\">\n\t\t\t\t<div class=\"elementor-widget-container\">\n\t\t\t\t\t\t\t\t\t\t\t\t<figure class=\"wp-caption\">\n\t\t\t\t\t\t\t\t\t\t\t<a href=\"https:\/\/rebalatallid.com\/wp-content\/uploads\/2021\/03\/DSC_4602-scaled.jpg\" data-elementor-open-lightbox=\"yes\" data-elementor-lightbox-title=\"DSC_4602\" data-e-action-hash=\"#elementor-action%3Aaction%3Dlightbox%26settings%3DeyJpZCI6NTY3OSwidXJsIjoiaHR0cHM6XC9cL3JlYmFsYXRhbGxpZC5jb21cL3dwLWNvbnRlbnRcL3VwbG9hZHNcLzIwMjFcLzAzXC9EU0NfNDYwMi1zY2FsZWQuanBnIn0%3D\">\n\t\t\t\t\t\t\t<img loading=\"lazy\" decoding=\"async\" width=\"900\" height=\"602\" src=\"https:\/\/rebalatallid.com\/wp-content\/uploads\/2021\/03\/DSC_4602-1024x685.jpg\" class=\"attachment-large size-large wp-image-5679\" alt=\"\" srcset=\"https:\/\/rebalatallid.com\/wp-content\/uploads\/2021\/03\/DSC_4602-1024x685.jpg 1024w, https:\/\/rebalatallid.com\/wp-content\/uploads\/2021\/03\/DSC_4602-300x201.jpg 300w, https:\/\/rebalatallid.com\/wp-content\/uploads\/2021\/03\/DSC_4602-768x514.jpg 768w, https:\/\/rebalatallid.com\/wp-content\/uploads\/2021\/03\/DSC_4602-1536x1028.jpg 1536w, https:\/\/rebalatallid.com\/wp-content\/uploads\/2021\/03\/DSC_4602-2048x1371.jpg 2048w\" sizes=\"(max-width: 900px) 100vw, 900px\" \/>\t\t\t\t\t\t\t\t<\/a>\n\t\t\t\t\t\t\t\t\t\t\t<figcaption class=\"widget-image-caption wp-caption-text\"><\/figcaption>\n\t\t\t\t\t\t\t\t\t\t<\/figure>\n\t\t\t\t\t\t\t\t\t<\/div>\n\t\t\t\t<\/div>\n\t\t<div class=\"elementor-element elementor-element-c4a7657 e-con-full e-flex e-con e-child\" data-id=\"c4a7657\" data-element_type=\"container\" data-e-type=\"container\">\n\t\t\t\t<div class=\"elementor-element elementor-element-e029306 elementor-widget elementor-widget-image\" data-id=\"e029306\" data-element_type=\"widget\" data-e-type=\"widget\" data-widget_type=\"image.default\">\n\t\t\t\t<div class=\"elementor-widget-container\">\n\t\t\t\t\t\t\t\t\t\t\t\t\t\t\t\t<a href=\"https:\/\/rebalatallid.com\/wp-content\/uploads\/2015\/07\/SALDO6.jpg\" data-elementor-open-lightbox=\"yes\" data-elementor-lightbox-title=\"SALDO\" data-e-action-hash=\"#elementor-action%3Aaction%3Dlightbox%26settings%3DeyJpZCI6MTA3NywidXJsIjoiaHR0cHM6XC9cL3JlYmFsYXRhbGxpZC5jb21cL3dwLWNvbnRlbnRcL3VwbG9hZHNcLzIwMTVcLzA3XC9TQUxETzYuanBnIn0%3D\">\n\t\t\t\t\t\t\t<img loading=\"lazy\" decoding=\"async\" width=\"714\" height=\"553\" src=\"https:\/\/rebalatallid.com\/wp-content\/uploads\/2015\/07\/SALDO6.jpg\" class=\"attachment-large size-large wp-image-1077\" alt=\"\" srcset=\"https:\/\/rebalatallid.com\/wp-content\/uploads\/2015\/07\/SALDO6.jpg 714w, https:\/\/rebalatallid.com\/wp-content\/uploads\/2015\/07\/SALDO6-300x232.jpg 300w\" sizes=\"(max-width: 714px) 100vw, 714px\" \/>\t\t\t\t\t\t\t\t<\/a>\n\t\t\t\t\t\t\t\t\t\t\t\t\t\t\t<\/div>\n\t\t\t\t<\/div>\n\t\t\t\t<\/div>\n\t\t<div class=\"elementor-element elementor-element-e174e9e e-con-full e-flex e-con e-child\" data-id=\"e174e9e\" data-element_type=\"container\" data-e-type=\"container\">\n\t\t\t\t<div class=\"elementor-element elementor-element-de056f3 elementor-widget elementor-widget-image\" data-id=\"de056f3\" data-element_type=\"widget\" data-e-type=\"widget\" data-widget_type=\"image.default\">\n\t\t\t\t<div class=\"elementor-widget-container\">\n\t\t\t\t\t\t\t\t\t\t\t\t\t\t\t\t<a href=\"https:\/\/rebalatallid.com\/wp-content\/uploads\/2024\/06\/IMG_20220713_181008-scaled.jpg\" data-elementor-open-lightbox=\"yes\" data-elementor-lightbox-title=\"IMG_20220713_181008\" data-e-action-hash=\"#elementor-action%3Aaction%3Dlightbox%26settings%3DeyJpZCI6NzA2MywidXJsIjoiaHR0cHM6XC9cL3JlYmFsYXRhbGxpZC5jb21cL3dwLWNvbnRlbnRcL3VwbG9hZHNcLzIwMjRcLzA2XC9JTUdfMjAyMjA3MTNfMTgxMDA4LXNjYWxlZC5qcGcifQ%3D%3D\">\n\t\t\t\t\t\t\t<img loading=\"lazy\" decoding=\"async\" width=\"900\" height=\"675\" src=\"https:\/\/rebalatallid.com\/wp-content\/uploads\/2024\/06\/IMG_20220713_181008-1024x768.jpg\" class=\"attachment-large size-large wp-image-7063\" alt=\"\" srcset=\"https:\/\/rebalatallid.com\/wp-content\/uploads\/2024\/06\/IMG_20220713_181008-1024x768.jpg 1024w, https:\/\/rebalatallid.com\/wp-content\/uploads\/2024\/06\/IMG_20220713_181008-300x225.jpg 300w, https:\/\/rebalatallid.com\/wp-content\/uploads\/2024\/06\/IMG_20220713_181008-768x576.jpg 768w, https:\/\/rebalatallid.com\/wp-content\/uploads\/2024\/06\/IMG_20220713_181008-1536x1152.jpg 1536w, https:\/\/rebalatallid.com\/wp-content\/uploads\/2024\/06\/IMG_20220713_181008-2048x1536.jpg 2048w\" sizes=\"(max-width: 900px) 100vw, 900px\" \/>\t\t\t\t\t\t\t\t<\/a>\n\t\t\t\t\t\t\t\t\t\t\t\t\t\t\t<\/div>\n\t\t\t\t<\/div>\n\t\t\t\t<\/div>\n\t\t<div class=\"elementor-element elementor-element-decf35f e-con-full e-flex e-con e-child\" data-id=\"decf35f\" data-element_type=\"container\" data-e-type=\"container\">\n\t\t\t\t<\/div>\n\t\t\t\t\t<\/div>\n\t\t\t\t<\/div>\n\t\t\t\t<\/div>\n\t\t","protected":false},"excerpt":{"rendered":"<p>Lapsevanem ennem kui soovid broneerida aega laagrisse VEENDU, et laps on piisavalt iseseisev \u2013 ehk laps saab iseseisvalt hakkama. Laagrisse saabumine toimub 10.00 ning lahkumine reedel 18.00. Laagrist varem omal soovil lahkumisel, kodukorrast kinni mitte &hellip; <a title=\"Info laagrisse tulekuks\" class=\"exalt-read-more\" href=\"https:\/\/rebalatallid.com\/?page_id=4241&#038;lang=et\"><span class=\"screen-reader-text\">Info laagrisse tulekuks<\/span>Read more<\/a><\/p>\n","protected":false},"author":1,"featured_media":0,"parent":0,"menu_order":0,"comment_status":"closed","ping_status":"closed","template":"","meta":{"footnotes":""},"class_list":["post-4241","page","type-page","status-publish","hentry","exalt-entry"],"_links":{"self":[{"href":"https:\/\/rebalatallid.com\/index.php?rest_route=\/wp\/v2\/pages\/4241"}],"collection":[{"href":"https:\/\/rebalatallid.com\/index.php?rest_route=\/wp\/v2\/pages"}],"about":[{"href":"https:\/\/rebalatallid.com\/index.php?rest_route=\/wp\/v2\/types\/page"}],"author":[{"embeddable":true,"href":"https:\/\/rebalatallid.com\/index.php?rest_route=\/wp\/v2\/users\/1"}],"replies":[{"embeddable":true,"href":"https:\/\/rebalatallid.com\/index.php?rest_route=%2Fwp%2Fv2%2Fcomments&post=4241"}],"version-history":[{"count":79,"href":"https:\/\/rebalatallid.com\/index.php?rest_route=\/wp\/v2\/pages\/4241\/revisions"}],"predecessor-version":[{"id":12042,"href":"https:\/\/rebalatallid.com\/index.php?rest_route=\/wp\/v2\/pages\/4241\/revisions\/12042"}],"wp:attachment":[{"href":"https:\/\/rebalatallid.com\/index.php?rest_route=%2Fwp%2Fv2%2Fmedia&parent=4241"}],"curies":[{"name":"wp","href":"https:\/\/api.w.org\/{rel}","templated":true}]}}