{"id":4796,"date":"2020-06-08T13:55:29","date_gmt":"2020-06-08T10:55:29","guid":{"rendered":"http:\/\/rebalatallid.com\/?page_id=4796"},"modified":"2025-11-23T23:32:43","modified_gmt":"2025-11-23T20:32:43","slug":"uudised","status":"publish","type":"page","link":"https:\/\/rebalatallid.com\/?page_id=4796&lang=et","title":{"rendered":"Uudised!"},"content":{"rendered":"\t\t<div data-elementor-type=\"wp-page\" data-elementor-id=\"4796\" class=\"elementor elementor-4796\">\n\t\t\t\t<div class=\"elementor-element elementor-element-238d1d8b e-con-full e-flex e-con e-parent\" data-id=\"238d1d8b\" data-element_type=\"container\" data-e-type=\"container\">\n\t\t\t\t<div class=\"elementor-element elementor-element-535920bd elementor-widget elementor-widget-text-editor\" data-id=\"535920bd\" data-element_type=\"widget\" data-e-type=\"widget\" data-widget_type=\"text-editor.default\">\n\t\t\t\t<div class=\"elementor-widget-container\">\n\t\t\t\t\t\t\t\t\t<p><\/p>\n<header class=\"entry-header\">\n<p><span style=\"color: #000000;\"><strong>23.11.2025<\/strong><\/span><br \/><span style=\"color: #000000;\"><b>Prix de Perila Tallid parimad olid t\u00e4na k\u00f5rgusel 115 cm:<br \/><\/b><\/span><span style=\"color: #000000;\">1. Lissy-Ann Tilk, Tondi RSK \u2013 EX`ROYAL 0\/45.16<br \/><\/span><span style=\"color: #000000;\">2. Mirell-Marii Laos, Estreka \u2013 COMME LE SOLEIL 0\/47.72<br \/><\/span><span style=\"color: #000000;\">3. Bernhard Lippe, Tondi RSK \u2013 SCAUP CHISINAU 0\/50.10<br \/><\/span><span style=\"color: #000000;\">4. Carolyn Lauri, Viru Ratsu \u2013 QUICK VICTORY 0\/50.47<br \/>5.<span style=\"color: #00ff00;\"> Vitali Dementev, ESHKS \u2013 OLYMPICWEIS WV 4\/52.53<\/span><\/span><\/p>\n<p><strong><span style=\"color: #000000;\">Prix de Ampsakas s\u00f5idu parimad k\u00f5rgusel 125\/135 cm olid:<\/span><br \/><\/strong><span style=\"font-size: 1rem;\"><span style=\"color: #00ff00;\">1. Vitali Dementev, ESHKS \u2013 OLYMPICWEIS WV 0\/53.69<\/span><br \/><\/span><span style=\"color: #000000;\"><span style=\"font-size: 1rem;\">2. Ann K\u00fc\u00fcnem\u00e4e, Viru Ratsu \u2013 MISTER MAGIC VAN HET WILGENHOF<br \/><\/span><span style=\"font-size: 1rem;\">3. R<\/span><span style=\"font-size: 1rem;\">omi Emily Roomet, Tallinna RSK \u2013 DELLOW DE NYZE Z 4\/58.34<br \/><br \/><a href=\"https:\/\/youtu.be\/LTWaARofZrQ\"><span style=\"color: #000000;\">https:\/\/youtu.be\/LTWaARofZrQ<\/span><\/a><\/span><\/span><\/p>\n<p><a href=\"https:\/\/rebalatallid.com\/wp-content\/uploads\/2025\/11\/587305494_17888888247388162_1967205031193428437_n.jpg\"><img fetchpriority=\"high\" decoding=\"async\" class=\"alignnone size-medium wp-image-12479\" src=\"https:\/\/rebalatallid.com\/wp-content\/uploads\/2025\/11\/587305494_17888888247388162_1967205031193428437_n-225x300.jpg\" alt=\"\" width=\"225\" height=\"300\" srcset=\"https:\/\/rebalatallid.com\/wp-content\/uploads\/2025\/11\/587305494_17888888247388162_1967205031193428437_n-225x300.jpg 225w, https:\/\/rebalatallid.com\/wp-content\/uploads\/2025\/11\/587305494_17888888247388162_1967205031193428437_n-769x1024.jpg 769w, https:\/\/rebalatallid.com\/wp-content\/uploads\/2025\/11\/587305494_17888888247388162_1967205031193428437_n-768x1023.jpg 768w, https:\/\/rebalatallid.com\/wp-content\/uploads\/2025\/11\/587305494_17888888247388162_1967205031193428437_n-1153x1536.jpg 1153w, https:\/\/rebalatallid.com\/wp-content\/uploads\/2025\/11\/587305494_17888888247388162_1967205031193428437_n-1300x1732.jpg 1300w, https:\/\/rebalatallid.com\/wp-content\/uploads\/2025\/11\/587305494_17888888247388162_1967205031193428437_n.jpg 1440w\" sizes=\"(max-width: 225px) 100vw, 225px\" \/><\/a>\u00a0<a href=\"https:\/\/rebalatallid.com\/wp-content\/uploads\/2025\/11\/587692599_17888852508388162_9030003795393756882_n.jpg\"><img decoding=\"async\" class=\"alignnone size-medium wp-image-12446\" src=\"https:\/\/rebalatallid.com\/wp-content\/uploads\/2025\/11\/587692599_17888852508388162_9030003795393756882_n-300x298.jpg\" alt=\"\" width=\"300\" height=\"298\" srcset=\"https:\/\/rebalatallid.com\/wp-content\/uploads\/2025\/11\/587692599_17888852508388162_9030003795393756882_n-300x298.jpg 300w, https:\/\/rebalatallid.com\/wp-content\/uploads\/2025\/11\/587692599_17888852508388162_9030003795393756882_n-1024x1018.jpg 1024w, https:\/\/rebalatallid.com\/wp-content\/uploads\/2025\/11\/587692599_17888852508388162_9030003795393756882_n-150x150.jpg 150w, https:\/\/rebalatallid.com\/wp-content\/uploads\/2025\/11\/587692599_17888852508388162_9030003795393756882_n-768x764.jpg 768w, https:\/\/rebalatallid.com\/wp-content\/uploads\/2025\/11\/587692599_17888852508388162_9030003795393756882_n-1300x1293.jpg 1300w, https:\/\/rebalatallid.com\/wp-content\/uploads\/2025\/11\/587692599_17888852508388162_9030003795393756882_n.jpg 1440w\" sizes=\"(max-width: 300px) 100vw, 300px\" \/><\/a><\/p>\n<p><span style=\"color: #000000;\"><span style=\"font-size: 1rem;\"><span style=\"font-size: 1rem;\">Rebala Tallid<\/span><\/span><\/span><span style=\"color: #000000; font-size: 1rem;\">\u00a0meeskond 25.04.2025 l\u00e4ks \u00f5ppima Eesti Maa\u00fclikooli.<\/span><\/p>\n<p><span style=\"color: #000000;\">Koolitusele ,,Kestlik agroturism ja maapiirkondade ettev\u00f5tlusv\u00f5imalused&#187;<\/span><\/p>\n<p><a href=\"https:\/\/rebalatallid.com\/wp-content\/uploads\/2025\/03\/45682c1f-0e98-4cb1-94cb-517e4e8c9741.jpeg\"><img decoding=\"async\" class=\"alignnone wp-image-11063\" src=\"https:\/\/rebalatallid.com\/wp-content\/uploads\/2025\/03\/45682c1f-0e98-4cb1-94cb-517e4e8c9741-225x300.jpeg\" alt=\"\" width=\"186\" height=\"248\" srcset=\"https:\/\/rebalatallid.com\/wp-content\/uploads\/2025\/03\/45682c1f-0e98-4cb1-94cb-517e4e8c9741-225x300.jpeg 225w, https:\/\/rebalatallid.com\/wp-content\/uploads\/2025\/03\/45682c1f-0e98-4cb1-94cb-517e4e8c9741-768x1024.jpeg 768w, https:\/\/rebalatallid.com\/wp-content\/uploads\/2025\/03\/45682c1f-0e98-4cb1-94cb-517e4e8c9741-1152x1536.jpeg 1152w, https:\/\/rebalatallid.com\/wp-content\/uploads\/2025\/03\/45682c1f-0e98-4cb1-94cb-517e4e8c9741.jpeg 1200w\" sizes=\"(max-width: 186px) 100vw, 186px\" \/><\/a> <a href=\"https:\/\/rebalatallid.com\/wp-content\/uploads\/2025\/03\/199e3d89-5bec-4f26-80a2-18244f318330.jpeg\"><img loading=\"lazy\" decoding=\"async\" class=\"alignnone wp-image-11061\" src=\"https:\/\/rebalatallid.com\/wp-content\/uploads\/2025\/03\/199e3d89-5bec-4f26-80a2-18244f318330-225x300.jpeg\" alt=\"\" width=\"185\" height=\"247\" srcset=\"https:\/\/rebalatallid.com\/wp-content\/uploads\/2025\/03\/199e3d89-5bec-4f26-80a2-18244f318330-225x300.jpeg 225w, https:\/\/rebalatallid.com\/wp-content\/uploads\/2025\/03\/199e3d89-5bec-4f26-80a2-18244f318330-768x1024.jpeg 768w, https:\/\/rebalatallid.com\/wp-content\/uploads\/2025\/03\/199e3d89-5bec-4f26-80a2-18244f318330-1152x1536.jpeg 1152w, https:\/\/rebalatallid.com\/wp-content\/uploads\/2025\/03\/199e3d89-5bec-4f26-80a2-18244f318330.jpeg 1200w\" sizes=\"(max-width: 185px) 100vw, 185px\" \/><\/a> <a href=\"https:\/\/rebalatallid.com\/wp-content\/uploads\/2025\/03\/628a800a-9696-48cc-9f8b-9c865cd47542.jpeg\"><img loading=\"lazy\" decoding=\"async\" class=\"alignnone wp-image-11060\" src=\"https:\/\/rebalatallid.com\/wp-content\/uploads\/2025\/03\/628a800a-9696-48cc-9f8b-9c865cd47542-300x225.jpeg\" alt=\"\" width=\"185\" height=\"139\" srcset=\"https:\/\/rebalatallid.com\/wp-content\/uploads\/2025\/03\/628a800a-9696-48cc-9f8b-9c865cd47542-300x225.jpeg 300w, https:\/\/rebalatallid.com\/wp-content\/uploads\/2025\/03\/628a800a-9696-48cc-9f8b-9c865cd47542-1024x768.jpeg 1024w, https:\/\/rebalatallid.com\/wp-content\/uploads\/2025\/03\/628a800a-9696-48cc-9f8b-9c865cd47542-768x576.jpeg 768w, https:\/\/rebalatallid.com\/wp-content\/uploads\/2025\/03\/628a800a-9696-48cc-9f8b-9c865cd47542-1536x1152.jpeg 1536w, https:\/\/rebalatallid.com\/wp-content\/uploads\/2025\/03\/628a800a-9696-48cc-9f8b-9c865cd47542-1300x975.jpeg 1300w, https:\/\/rebalatallid.com\/wp-content\/uploads\/2025\/03\/628a800a-9696-48cc-9f8b-9c865cd47542.jpeg 1600w\" sizes=\"(max-width: 185px) 100vw, 185px\" \/><\/a><\/p>\n<h1 class=\"entry-title\" style=\"text-align: left;\"><span style=\"color: #000000;\">Laste ratsalaager<\/span><br \/><span style=\"color: #000000;\"><strong style=\"background-color: var(--exalt-color-body-background); font-family: var(--exalt-font-family-body); font-size: 1rem;\">Laagrivahetused 2025<br \/><\/strong><\/span><br \/><a href=\"https:\/\/rebalatallid.com\/wp-content\/uploads\/2020\/06\/rebala-tallides-saab-ratsutada-71765323-\u2014-\u043a\u043e\u043f\u0438\u044f.jpg\"><img loading=\"lazy\" decoding=\"async\" class=\"alignnone size-medium wp-image-5013\" src=\"https:\/\/rebalatallid.com\/wp-content\/uploads\/2020\/06\/rebala-tallides-saab-ratsutada-71765323-\u2014-\u043a\u043e\u043f\u0438\u044f-276x300.jpg\" alt=\"\" width=\"276\" height=\"300\" srcset=\"https:\/\/rebalatallid.com\/wp-content\/uploads\/2020\/06\/rebala-tallides-saab-ratsutada-71765323-\u2014-\u043a\u043e\u043f\u0438\u044f-276x300.jpg 276w, https:\/\/rebalatallid.com\/wp-content\/uploads\/2020\/06\/rebala-tallides-saab-ratsutada-71765323-\u2014-\u043a\u043e\u043f\u0438\u044f-768x834.jpg 768w, https:\/\/rebalatallid.com\/wp-content\/uploads\/2020\/06\/rebala-tallides-saab-ratsutada-71765323-\u2014-\u043a\u043e\u043f\u0438\u044f.jpg 900w\" sizes=\"(max-width: 276px) 100vw, 276px\" \/><\/a><\/h1>\n<\/header>\n<div class=\"entry-content\">\n<div class=\"elementor elementor-8186\" data-elementor-type=\"wp-page\" data-elementor-id=\"8186\">\n<div class=\"elementor-element elementor-element-4fb0c62 e-flex e-con-boxed e-con e-parent e-lazyloaded\" data-id=\"4fb0c62\" data-element_type=\"container\">\n<div class=\"e-con-inner\">\n<div class=\"elementor-element elementor-element-7a01695 elementor-widget elementor-widget-text-editor\" data-id=\"7a01695\" data-element_type=\"widget\" data-widget_type=\"text-editor.default\">\n<div class=\"elementor-widget-container\">\n<p><span style=\"color: #000000;\"><strong>1 vahetus (5 p\u00e4eva).<\/strong><\/span><br \/><span style=\"color: #000000;\">16-20 juuni, eesti\/vene segalaager (Ratsutamise tunnid, teooria ja ohutustehnika l\u00e4bi viiakse emakeeles).<\/span><br \/><span style=\"color: #000000;\">Hind 380 EUR<\/span><\/p>\n<p><span style=\"color: #000000;\"><strong>2 vahetus (5 p\u00e4eva).<\/strong><\/span><br \/><span style=\"color: #000000;\">30 juuni-4 juuli eesti\/vene segalaager (Ratsutamise tunnid, teooria ja ohutustehnika l\u00e4bi<\/span><br \/><span style=\"color: #000000;\">viiakse emakeeles).<\/span><br \/><span style=\"color: #000000;\">Hind 380 EUR<\/span><\/p>\n<p><span style=\"color: #000000;\"><strong>3 vahetus (3 p\u00e4eva).<\/strong><\/span><br \/><span style=\"color: #000000;\">7-9 juuli, eesti\/vene segalaager (Ratsutamise tunnid, teooria ja ohutustehnika l\u00e4bi viiakse emakeeles).<\/span><br \/><span style=\"color: #000000;\">Hind 250 EUR<\/span><\/p>\n<p><span style=\"color: #000000;\"><b>4 vahetus (3 p\u00e4eva).<br \/><\/b>14-15 juuli, eesti\/vene segalaager (Ratsutamise tunnid, teooria ja ohutustehnika l\u00e4bi viiakse emakeeles).<\/span><br \/><span style=\"color: #000000;\">Hind 250 EUR<\/span><\/p>\n<p><span style=\"color: #000000;\"><strong>5 vahetus (3 p\u00e4eva).<\/strong><\/span><br \/><span style=\"color: #000000;\">21-23 juuli, eesti\/vene segalaager (Ratsutamise tunnid, teooria ja ohutustehnika l\u00e4bi viiakse emakeeles).<\/span><br \/><span style=\"color: #000000;\">Hind 250 EUR<\/span><\/p>\n<p><span style=\"color: #000000;\"><strong>6 vahetus (3 p\u00e4eva).<\/strong><\/span><br \/><span style=\"color: #000000;\">28 juuli-01 august, eesti\/vene segalaager (Ratsutamise tunnid, teooria ja ohutustehnika l\u00e4bi viiakse emakeeles).<\/span><br \/><span style=\"color: #000000;\">Hind 250 EUR<\/span><\/p>\n<p><span style=\"color: #000000;\"><strong>7 vahetus (3 p\u00e4eva).<\/strong><\/span><br \/><span style=\"color: #000000;\">4-6 august, eesti\/vene segalaager (Ratsutamise tunnid, teooria ja ohutustehnika l\u00e4bi viiakse emakeeles).<\/span><br \/><span style=\"color: #000000;\">Hind 250 EUR<\/span><\/p>\n<p><span style=\"color: #000000;\"><strong>8 vahetus (3 p\u00e4eva).<\/strong><\/span><br \/><span style=\"color: #000000;\">11-13 august, eesti\/vene segalaager (Ratsutamise tunnid, teooria ja ohutustehnika l\u00e4bi viiakse emakeeles).<\/span><br \/><span style=\"color: #000000;\">Hind 250 EUR<\/span><\/p>\n<p><span style=\"color: #000000;\"><strong>9 vahetus (5 p\u00e4eva).<\/strong><\/span><br \/><span style=\"color: #000000;\">18-22 august, eesti\/vene segalaager (Ratsutamise tunnid, teooria ja ohutustehnika l\u00e4bi viiakse emakeeles).<\/span><br \/><span style=\"color: #000000;\">Hind 380 EUR<\/span><\/p>\n<p><span style=\"color: #000000;\"><strong>10 vahetus (3 p\u00e4eva).<\/strong><\/span><br \/><span style=\"color: #000000;\">27-29 august, eesti\/vene segalaager (Ratsutamise tunnid, teooria ja ohutustehnika l\u00e4bi viiakse emakeeles).<\/span><br \/><span style=\"color: #000000;\">Hind 250 EUR<\/span><\/p>\n<p><span style=\"color: #000000;\">Vii oma unistused ellu!<\/span><\/p>\n<p><span style=\"color: #000000;\">Tule Rebala tallidesse nautima m\u00f5nusat maal\u00e4hedast keskkonda, vaid 15 km kaugusel Tallinnast!<\/span><\/p>\n<p><span style=\"color: #000000;\">Ratsalaager toimub looduse ja loomade keskel.<\/span><br \/><span style=\"color: #000000;\">Igasse meie ratsalaagrisse mahub palju p\u00f5nevat!<\/span><\/p>\n<p><span style=\"color: #000000;\">Oodatud lapsed vanuses 7-17. Varasem ratsutamisoskus pole oluline!<\/span><br \/><span style=\"color: #000000;\">Ratsalaager toimub esmasp\u00e4evast kella 10.00-st kuni reedeni 18.00-ni<\/span><br \/><span style=\"color: #000000;\">(5-p\u00e4evane laager).<br \/><\/span><span style=\"color: #000000; font-size: 17.008px;\">Ratsalaager toimub esmasp\u00e4evast kella 10.00-st kuni kolmap\u00e4evani 18.00-ni<br \/><\/span><span style=\"color: #000000; font-size: 17.008px;\">(3-p\u00e4evane laager).<\/span><\/p>\n<p><span style=\"color: #000000;\">Toitlustus 4x p\u00e4evas (hommikus\u00f6\u00f6k, l\u00f5unas\u00f6\u00f6k, oode, \u00f5htus\u00f6\u00f6k). Toit on suures osas valmistatud oma aia saadustest. Men\u00fc\u00fc on kokkade poolt tasakaalustatud.<\/span><\/p>\n<p><span style=\"color: #000000;\">Lastega tegeleb laagrikasvatajad (Tallinna Spordi- ja Noorsooamet tase 4 ja 5) ja treener FEI LEVEL 1 Julia Katok.<\/span><\/p>\n<p><span style=\"color: #000000;\"><strong>FEI treenerikutsest.<br \/><\/strong>Eesti Ratsaspordi Liit viib l\u00e4bi koost\u00f6\u00f6s \u00fclemaailmse katusorganisatsiooniga FEI (F\u00e9d\u00e9ration Equestre Internationale) lisaks rahvuslikule ka rahvusvahelist treenerikutse\u00f5pet. Meie talli p\u00f5hitreener FEI LEVEL 1 Julia Katok.<\/span><\/p>\n<p><a href=\"https:\/\/www.kutseregister.ee\/et\/kutsed\/?\"><span style=\"color: #000000;\">https:\/\/www.kutseregister.ee\/et\/kutsed\/?<\/span><\/a><\/p>\n<p><span style=\"color: #000000;\"><strong>Mida laps saab kasulikku meie laagrist?<br \/><\/strong>Laager suurendab laste iseseisvust, suhtlemisoskust ja vastutustunnet enda j\u00e4rgi koristamise ning loomade eest hoolitsemise l\u00e4bi. Tegeletakse ratsaspordi tutvustamise ja p\u00f5hiteadmiste selgitamisega nii teoorias kui ka praktikas. \u00d5pitakse tundma loodust ja loomi matkade, meisterdamise projektide ning maaelu k\u00e4igus. Lisaks viiakse l\u00e4bi mitmed k\u00e4sit\u00f6\u00f6tunnid, mille k\u00e4igus tehakse endale oman\u00e4olised meened, mille lapsed endale koju m\u00e4lestuseks saavad. Neljap\u00e4eva \u00f5htul grillpidu t\u00fcnnisaunaga. Laagri jooksul v\u00e4ljas\u00f5it loodusesse v\u00f5i ekskursioonile\u2026<\/span><\/p>\n<p><span style=\"color: #000000;\">Loomulikult j\u00e4tkub aega ka puhkamiseks: tehakse filmi\u00f5htuid, m\u00e4ngu\u00f5htuid, spordim\u00e4nge vabas \u00f5hus v\u00f5i lastakse hoopis silm looja:)<\/span><\/p>\n<p><span style=\"color: #000000;\">Ratsaspordi teooriat \u00f5petatakse professionaalsete materjalide p\u00f5hjal ja suure kogemustepagasiga FEI (Rahvusvaheline Ratsaspordi F\u00f6deratsioon) taseme treeneri k\u00e4e all. K\u00f5ik laagri kasvatajad omavad vastavat kvalifikatsiooni.<\/span><\/p>\n<p><span style=\"color: #000000;\">Suurt t\u00e4helepanu p\u00f6\u00f6ratakse ohutusele! <br \/><a href=\"https:\/\/rebalatallid.com\/et\/meelespea-2\/kodukord\/\">https:\/\/rebalatallid.com\/et\/meelespea-2\/kodukord\/<\/a><\/span><\/p>\n<p><span style=\"color: #000000;\">Laagri korraldajatel on \u00f5igus teha laagri kavas muudatusi!<\/span><\/p>\n<p><span style=\"color: #000000;\">Broneeringu kinnitamiseks tuleb tasuda ettemaks 20% kogu laagrimaksumusest! Laagrikoha \u00fcles\u00fctlemisel seda raha ei tagastata. Laagri eest tasumiseks v\u00e4ljastatakse arve. Laagrisse ei v\u00f5eta vastu lapsi, kellel on laagritasu maksmata enne laagri algust.<\/span><\/p>\n<p>Tutvumiseks vajutage:<br \/><a href=\"https:\/\/rebalatallid.com\/?page_id=4308&amp;lang=et\">Kodukord ja ohutustehnika<\/a><\/p>\n<p><span style=\"color: #000000;\">Info ja registreerimine:<\/span><br \/><span style=\"color: #000000;\"><a style=\"color: #000000;\" href=\"mailto:info@rebalatallid.com\">info@rebalatallid.com<\/a><\/span><br \/><span style=\"color: #000000;\">+372 5297760 Julia Katok<\/span><br \/><span style=\"color: #000000;\">Facebook: Rebala Tallid Julia Katok<\/span><\/p>\n<p><span style=\"color: #000000;\">Positiivsed emotsioonid garanteeritud!<\/span><\/p>\n<\/div>\n<\/div>\n<\/div>\n<\/div>\n<\/div>\n<\/div>\n<p><span style=\"color: #000000;\"><\/span><\/p>\n<p><strong><span style=\"color: #000000;\">Meil siin uus kodanik, Eesti t\u00f5ugu t\u00e4kk. S\u00fcndis ta 26 mai.<\/span><\/strong><\/p>\n<p><span style=\"color: #000000;\"><\/span><\/p>\n<figure class=\"wp-block-image is-resized\"><span style=\"color: #000000;\"><img loading=\"lazy\" decoding=\"async\" width=\"1536\" height=\"2048\" class=\"wp-image-7013\" style=\"aspect-ratio: 0.75; width: 840px; height: auto;\" src=\"https:\/\/rebalatallid.com\/wp-content\/uploads\/2024\/05\/445533860_7806813846043034_1131603924766382213_n.jpg\" alt=\"\" srcset=\"https:\/\/rebalatallid.com\/wp-content\/uploads\/2024\/05\/445533860_7806813846043034_1131603924766382213_n.jpg 1536w, https:\/\/rebalatallid.com\/wp-content\/uploads\/2024\/05\/445533860_7806813846043034_1131603924766382213_n-225x300.jpg 225w, https:\/\/rebalatallid.com\/wp-content\/uploads\/2024\/05\/445533860_7806813846043034_1131603924766382213_n-768x1024.jpg 768w, https:\/\/rebalatallid.com\/wp-content\/uploads\/2024\/05\/445533860_7806813846043034_1131603924766382213_n-1152x1536.jpg 1152w\" sizes=\"(max-width: 1536px) 100vw, 1536px\" \/><\/span><\/figure>\n<p><\/p>\n<figure class=\"wp-block-image\"><img loading=\"lazy\" decoding=\"async\" width=\"1574\" height=\"2048\" class=\"wp-image-7012\" src=\"https:\/\/rebalatallid.com\/wp-content\/uploads\/2024\/05\/444151899_7806813586043060_3027772179519478483_n.jpg\" alt=\"\" srcset=\"https:\/\/rebalatallid.com\/wp-content\/uploads\/2024\/05\/444151899_7806813586043060_3027772179519478483_n.jpg 1574w, https:\/\/rebalatallid.com\/wp-content\/uploads\/2024\/05\/444151899_7806813586043060_3027772179519478483_n-231x300.jpg 231w, https:\/\/rebalatallid.com\/wp-content\/uploads\/2024\/05\/444151899_7806813586043060_3027772179519478483_n-787x1024.jpg 787w, https:\/\/rebalatallid.com\/wp-content\/uploads\/2024\/05\/444151899_7806813586043060_3027772179519478483_n-768x999.jpg 768w, https:\/\/rebalatallid.com\/wp-content\/uploads\/2024\/05\/444151899_7806813586043060_3027772179519478483_n-1181x1536.jpg 1181w\" sizes=\"(max-width: 1574px) 100vw, 1574px\" \/><\/figure>\n<p>Eesti Sporthobune (ESH).<br \/>V\u00f5itjad s\u00fcnnivad v\u00f5itjatest! (Raigo Kollom).<br \/>Esikaanel ESH Alfons Ra, kasvatgaja Rebala Tallid.<br \/><a href=\"https:\/\/www.facebook.com\/reel\/8963292943703283\">https:\/\/www.facebook.com\/reel\/8963292943703283<\/a><\/p>\n<p><a href=\"https:\/\/rebalatallid.com\/wp-content\/uploads\/2024\/10\/image.png\"><img loading=\"lazy\" decoding=\"async\" class=\"alignnone size-medium wp-image-9361\" src=\"https:\/\/rebalatallid.com\/wp-content\/uploads\/2024\/10\/image-300x169.png\" alt=\"\" width=\"300\" height=\"169\" srcset=\"https:\/\/rebalatallid.com\/wp-content\/uploads\/2024\/10\/image-300x169.png 300w, https:\/\/rebalatallid.com\/wp-content\/uploads\/2024\/10\/image.png 640w\" sizes=\"(max-width: 300px) 100vw, 300px\" \/><\/a><\/p>\n<p><\/p>\n<p style=\"font-size: 24px;\"><img loading=\"lazy\" decoding=\"async\" width=\"150\" height=\"216\" class=\"wp-image-5496\" style=\"width: 150px;\" src=\"https:\/\/rebalatallid.com\/wp-content\/uploads\/2020\/12\/Hobused_kaaned_veeb.jpg\" alt=\"\" srcset=\"https:\/\/rebalatallid.com\/wp-content\/uploads\/2020\/12\/Hobused_kaaned_veeb.jpg 808w, https:\/\/rebalatallid.com\/wp-content\/uploads\/2020\/12\/Hobused_kaaned_veeb-209x300.jpg 209w, https:\/\/rebalatallid.com\/wp-content\/uploads\/2020\/12\/Hobused_kaaned_veeb-712x1024.jpg 712w, https:\/\/rebalatallid.com\/wp-content\/uploads\/2020\/12\/Hobused_kaaned_veeb-768x1104.jpg 768w\" sizes=\"(max-width: 150px) 100vw, 150px\" \/><br \/><strong>Ilmunud on uus raamat Raigo Kollomilt.<\/strong> <br \/><a href=\"https:\/\/estsporthorse.ee\/uudised\/ilmunud-on-uus-raamat-raigo-kollomilt\/?fbclid=IwAR1fqcbh4Ju7ab4LRm7fi65yOhSo87cd9TFkg5e6MJvxpoL2H9xZZgpZTMM\" target=\"_blank\" rel=\"noreferrer noopener\">https:\/\/estsporthorse.ee\/uudised\/ilmunud-on-uus-raamat-raigo-kollomilt\/?fbclid=IwAR1fqcbh4Ju7ab4LRm7fi65yOhSo87cd9TFkg5e6MJvxpoL2H9xZZgpZTMM<\/a><\/p>\n<p><\/p>\n<p style=\"font-size: 24px;\"><strong>Suunajuhised asukohta Rebala Tallid, J\u00f5el\u00e4htme, kasutades \u00fchistransporti. <\/strong><a href=\"https:\/\/moovitapp.com\/index\/et\/%C3%BChistransport-Rebala_Tallid-Estonia-site_31928441-1673\">https:\/\/moovitapp.com\/index\/et\/%C3%BChistransport-Rebala_Tallid-Estonia-site_31928441-1673<\/a><\/p>\n<p><\/p>\t\t\t\t\t\t\t\t<\/div>\n\t\t\t\t<\/div>\n\t\t\t\t<\/div>\n\t\t\t\t<\/div>\n\t\t","protected":false},"excerpt":{"rendered":"<p>23.11.2025Prix de Perila Tallid parimad olid t\u00e4na k\u00f5rgusel 115 cm:1. Lissy-Ann Tilk, Tondi RSK \u2013 EX`ROYAL 0\/45.162. Mirell-Marii Laos, Estreka \u2013 COMME LE SOLEIL 0\/47.723. Bernhard Lippe, Tondi RSK \u2013 SCAUP CHISINAU 0\/50.104. Carolyn Lauri, &hellip; <a title=\"Uudised!\" class=\"exalt-read-more\" href=\"https:\/\/rebalatallid.com\/?page_id=4796&#038;lang=et\"><span class=\"screen-reader-text\">Uudised!<\/span>Read more<\/a><\/p>\n","protected":false},"author":1,"featured_media":0,"parent":0,"menu_order":0,"comment_status":"closed","ping_status":"closed","template":"","meta":{"footnotes":""},"class_list":["post-4796","page","type-page","status-publish","hentry","exalt-entry"],"_links":{"self":[{"href":"https:\/\/rebalatallid.com\/index.php?rest_route=\/wp\/v2\/pages\/4796"}],"collection":[{"href":"https:\/\/rebalatallid.com\/index.php?rest_route=\/wp\/v2\/pages"}],"about":[{"href":"https:\/\/rebalatallid.com\/index.php?rest_route=\/wp\/v2\/types\/page"}],"author":[{"embeddable":true,"href":"https:\/\/rebalatallid.com\/index.php?rest_route=\/wp\/v2\/users\/1"}],"replies":[{"embeddable":true,"href":"https:\/\/rebalatallid.com\/index.php?rest_route=%2Fwp%2Fv2%2Fcomments&post=4796"}],"version-history":[{"count":76,"href":"https:\/\/rebalatallid.com\/index.php?rest_route=\/wp\/v2\/pages\/4796\/revisions"}],"predecessor-version":[{"id":12501,"href":"https:\/\/rebalatallid.com\/index.php?rest_route=\/wp\/v2\/pages\/4796\/revisions\/12501"}],"wp:attachment":[{"href":"https:\/\/rebalatallid.com\/index.php?rest_route=%2Fwp%2Fv2%2Fmedia&parent=4796"}],"curies":[{"name":"wp","href":"https:\/\/api.w.org\/{rel}","templated":true}]}}