{"id":7870,"date":"2024-09-18T09:27:06","date_gmt":"2024-09-18T06:27:06","guid":{"rendered":"https:\/\/rebalatallid.com\/?page_id=7870"},"modified":"2025-07-08T18:49:12","modified_gmt":"2025-07-08T15:49:12","slug":"%d0%ba%d0%be%d0%bd%d1%82%d0%b0%d0%ba%d1%82%d1%8b-2","status":"publish","type":"page","link":"https:\/\/rebalatallid.com\/?page_id=7870&lang=ru","title":{"rendered":"\u041a\u043e\u043d\u0442\u0430\u043a\u0442\u044b"},"content":{"rendered":"\t\t<div data-elementor-type=\"wp-page\" data-elementor-id=\"7870\" class=\"elementor elementor-7870\">\n\t\t\t\t<div class=\"elementor-element elementor-element-7fb3a115 e-flex e-con-boxed e-con e-parent\" data-id=\"7fb3a115\" data-element_type=\"container\" data-e-type=\"container\">\n\t\t\t\t\t<div class=\"e-con-inner\">\n\t\t\t\t<div class=\"elementor-element elementor-element-7f76532 elementor-widget elementor-widget-text-editor\" data-id=\"7f76532\" data-element_type=\"widget\" data-e-type=\"widget\" data-widget_type=\"text-editor.default\">\n\t\t\t\t<div class=\"elementor-widget-container\">\n\t\t\t\t\t\t\t\t\t<p>Rebala tallid<br \/>Rebala k\u00fcla<br \/>J\u00f5el\u00e4htme vald<br \/>Harjumaa<br \/>Eesti<br \/>74222<\/p><p>\u0414\u043e\u043f\u043e\u043b\u043d\u0438\u0442\u0435\u043b\u044c\u043d\u0430\u044f \u0438\u043d\u0444\u043e\u0440\u043c\u0430\u0446\u0438\u044f \u043f\u043e \u0442\u0435\u043b\u0435\u0444\u043e\u043d\u0443 5297760<br \/>\u042e\u043b\u0438\u044f \u041a\u0430\u0442\u043e\u043a, \u0432 \u0440\u0430\u0431\u043e\u0447\u0438\u0435 \u0434\u043d\u0438 \u0441 10.00 \u0434\u043e 21.00<\/p><p>\u041a\u043e\u043d\u044e\u0448\u043d\u044f \u0438 \u0435\u0451 \u0442\u0435\u0440\u0440\u0438\u0442\u043e\u0440\u0438\u044f \u043e\u0442\u043a\u0440\u044b\u0442\u0430 \u0434\u043b\u044f \u043f\u043e\u0441\u0435\u0449\u0435\u043d\u0438\u044f \u0422\u041e\u041b\u042c\u041a\u041e \u041f\u041e \u041f\u0420\u0415\u0414\u0412\u0410\u0420\u0418\u0422\u0415\u041b\u042c\u041d\u041e\u0419 \u0417\u0410\u041f\u0418\u0421\u0418: <a href=\"mailto:INFO@REBALATALLID.COM\">info@rebalatallid.com<\/a><br \/>\u0441 10.00 \u0434\u043e 21.00.<\/p><p>\u0412\u0421\u0415 \u0423\u0421\u041b\u0423\u0413\u0418 (\u041e\u0411\u0423\u0427\u0415\u041d\u0418\u0415 \u0412\u0415\u0420\u0425\u041e\u0412\u041e\u0419 \u0415\u0417\u0414\u0415, \u042d\u041a\u0421\u041a\u0423\u0420\u0421\u0418\u0418, \u0422\u0423\u0420\u0418\u0421\u0422\u0418\u0427\u0415\u0421\u041a\u0418\u0419 \u041e\u0422\u0414\u042b\u0425 \u0418\u0422\u0414) \u0422\u041e\u041b\u042c\u041a\u041e \u041f\u041e \u041f\u0420\u0415\u0414\u0412\u0410\u0420\u0418\u0422\u0415\u041b\u042c\u041d\u041e\u0419 \u0417\u0410\u041f\u0418\u0421\u0418!<br \/>\u0411\u0440\u043e\u043d\u0438\u0440\u043e\u0432\u0430\u043d\u0438\u0435 \u0443\u0441\u043b\u0443\u0433 \u043f\u0440\u043e\u0438\u0437\u0432\u043e\u0434\u0438\u0442\u0441\u044f \u0422\u041e\u041b\u042c\u041a\u041e \u043f\u043e \u044d\u043b\u0435\u043a\u0442\u0440\u043e\u043d\u043d\u043e\u0439 \u043f\u043e\u0447\u0442\u0435.<\/p><p>info@rebalatallid.com<br \/>Facebook: Rebala Tallid Julia Katok<br \/>\u0421\u043f\u043e\u0441\u043e\u0431 \u043e\u043f\u043b\u0430\u0442\u044b:\u00a0\u043d\u0430\u043b\u0438\u0447\u043d\u044b\u043c\u0438<\/p><p>\u041a\u0430\u043a \u043d\u0430\u0441 \u043d\u0430\u0439\u0442\u0438: \u043a\u0430\u0440\u0442\u0430<br \/><a href=\"https:\/\/rebalatallid.com\/wp-content\/uploads\/2015\/06\/rebala_tallid1.png\"><img decoding=\"async\" class=\"alignnone size-medium wp-image-1274\" src=\"https:\/\/rebalatallid.com\/wp-content\/uploads\/2015\/06\/rebala_tallid1-300x164.png\" alt=\"\" width=\"300\" height=\"164\" srcset=\"https:\/\/rebalatallid.com\/wp-content\/uploads\/2015\/06\/rebala_tallid1-300x164.png 300w, https:\/\/rebalatallid.com\/wp-content\/uploads\/2015\/06\/rebala_tallid1-1024x560.png 1024w, https:\/\/rebalatallid.com\/wp-content\/uploads\/2015\/06\/rebala_tallid1.png 1152w\" sizes=\"(max-width: 300px) 100vw, 300px\" \/><\/a> <a href=\"https:\/\/rebalatallid.com\/wp-content\/uploads\/2015\/06\/from_tallinn1.png\"><img decoding=\"async\" class=\"alignnone size-medium wp-image-1273\" src=\"https:\/\/rebalatallid.com\/wp-content\/uploads\/2015\/06\/from_tallinn1-300x164.png\" alt=\"\" width=\"300\" height=\"164\" srcset=\"https:\/\/rebalatallid.com\/wp-content\/uploads\/2015\/06\/from_tallinn1-300x164.png 300w, https:\/\/rebalatallid.com\/wp-content\/uploads\/2015\/06\/from_tallinn1-1024x560.png 1024w, https:\/\/rebalatallid.com\/wp-content\/uploads\/2015\/06\/from_tallinn1.png 1152w\" sizes=\"(max-width: 300px) 100vw, 300px\" \/><\/a><\/p><p>https:\/\/moovitapp.com\/index\/et\/%C3%BChistransport-Rebala_Tallid-Estonia-site_31928441-1673<\/p><p>\u00a0<\/p><p>\u00a0<\/p>\t\t\t\t\t\t\t\t<\/div>\n\t\t\t\t<\/div>\n\t\t\t\t\t<\/div>\n\t\t\t\t<\/div>\n\t\t\t\t<\/div>\n\t\t","protected":false},"excerpt":{"rendered":"<p>Rebala tallidRebala k\u00fclaJ\u00f5el\u00e4htme valdHarjumaaEesti74222 \u0414\u043e\u043f\u043e\u043b\u043d\u0438\u0442\u0435\u043b\u044c\u043d\u0430\u044f \u0438\u043d\u0444\u043e\u0440\u043c\u0430\u0446\u0438\u044f \u043f\u043e \u0442\u0435\u043b\u0435\u0444\u043e\u043d\u0443 5297760\u042e\u043b\u0438\u044f \u041a\u0430\u0442\u043e\u043a, \u0432 \u0440\u0430\u0431\u043e\u0447\u0438\u0435 \u0434\u043d\u0438 \u0441 10.00 \u0434\u043e 21.00 \u041a\u043e\u043d\u044e\u0448\u043d\u044f \u0438 \u0435\u0451 \u0442\u0435\u0440\u0440\u0438\u0442\u043e\u0440\u0438\u044f \u043e\u0442\u043a\u0440\u044b\u0442\u0430 \u0434\u043b\u044f \u043f\u043e\u0441\u0435\u0449\u0435\u043d\u0438\u044f \u0422\u041e\u041b\u042c\u041a\u041e \u041f\u041e \u041f\u0420\u0415\u0414\u0412\u0410\u0420\u0418\u0422\u0415\u041b\u042c\u041d\u041e\u0419 \u0417\u0410\u041f\u0418\u0421\u0418: info@rebalatallid.com\u0441 10.00 \u0434\u043e 21.00. \u0412\u0421\u0415 \u0423\u0421\u041b\u0423\u0413\u0418 (\u041e\u0411\u0423\u0427\u0415\u041d\u0418\u0415 &hellip; <a title=\"\u041a\u043e\u043d\u0442\u0430\u043a\u0442\u044b\" class=\"exalt-read-more\" href=\"https:\/\/rebalatallid.com\/?page_id=7870&#038;lang=ru\"><span class=\"screen-reader-text\">\u041a\u043e\u043d\u0442\u0430\u043a\u0442\u044b<\/span>Read more<\/a><\/p>\n","protected":false},"author":1,"featured_media":0,"parent":0,"menu_order":12,"comment_status":"open","ping_status":"open","template":"","meta":{"footnotes":""},"class_list":["post-7870","page","type-page","status-publish","hentry","exalt-entry"],"_links":{"self":[{"href":"https:\/\/rebalatallid.com\/index.php?rest_route=\/wp\/v2\/pages\/7870"}],"collection":[{"href":"https:\/\/rebalatallid.com\/index.php?rest_route=\/wp\/v2\/pages"}],"about":[{"href":"https:\/\/rebalatallid.com\/index.php?rest_route=\/wp\/v2\/types\/page"}],"author":[{"embeddable":true,"href":"https:\/\/rebalatallid.com\/index.php?rest_route=\/wp\/v2\/users\/1"}],"replies":[{"embeddable":true,"href":"https:\/\/rebalatallid.com\/index.php?rest_route=%2Fwp%2Fv2%2Fcomments&post=7870"}],"version-history":[{"count":10,"href":"https:\/\/rebalatallid.com\/index.php?rest_route=\/wp\/v2\/pages\/7870\/revisions"}],"predecessor-version":[{"id":12070,"href":"https:\/\/rebalatallid.com\/index.php?rest_route=\/wp\/v2\/pages\/7870\/revisions\/12070"}],"wp:attachment":[{"href":"https:\/\/rebalatallid.com\/index.php?rest_route=%2Fwp%2Fv2%2Fmedia&parent=7870"}],"curies":[{"name":"wp","href":"https:\/\/api.w.org\/{rel}","templated":true}]}}