{"id":7912,"date":"2024-09-18T10:25:15","date_gmt":"2024-09-18T07:25:15","guid":{"rendered":"https:\/\/rebalatallid.com\/?page_id=7912"},"modified":"2024-09-18T10:25:39","modified_gmt":"2024-09-18T07:25:39","slug":"tapahtumat","status":"publish","type":"page","link":"https:\/\/rebalatallid.com\/?page_id=7912&lang=fi","title":{"rendered":"Tapahtumat"},"content":{"rendered":"\t\t<div data-elementor-type=\"wp-page\" data-elementor-id=\"7912\" class=\"elementor elementor-7912\">\n\t\t\t\t<div class=\"elementor-element elementor-element-57a655f e-flex e-con-boxed e-con e-parent\" data-id=\"57a655f\" data-element_type=\"container\" data-e-type=\"container\">\n\t\t\t\t\t<div class=\"e-con-inner\">\n\t\t\t\t<div class=\"elementor-element elementor-element-52d1070 elementor-widget elementor-widget-text-editor\" data-id=\"52d1070\" data-element_type=\"widget\" data-e-type=\"widget\" data-widget_type=\"text-editor.default\">\n\t\t\t\t<div class=\"elementor-widget-container\">\n\t\t\t\t\t\t\t\t\t<p>Voimme j\u00e4rjest\u00e4\u00e4 erilaisia \u200b\u200btapahtumia eri ik\u00e4ryhmille, jotka sopivat perheille, yrityksille, laitoksille ja my\u00f6s erikseen lapsille!<\/p><p>Katso tiedot valikosta.<\/p>\t\t\t\t\t\t\t\t<\/div>\n\t\t\t\t<\/div>\n\t\t\t\t\t<\/div>\n\t\t\t\t<\/div>\n\t\t\t\t<\/div>\n\t\t","protected":false},"excerpt":{"rendered":"<p>Voimme j\u00e4rjest\u00e4\u00e4 erilaisia \u200b\u200btapahtumia eri ik\u00e4ryhmille, jotka sopivat perheille, yrityksille, laitoksille ja my\u00f6s erikseen lapsille! Katso tiedot valikosta.<\/p>\n","protected":false},"author":1,"featured_media":0,"parent":0,"menu_order":6,"comment_status":"closed","ping_status":"closed","template":"","meta":{"footnotes":""},"class_list":["post-7912","page","type-page","status-publish","hentry","exalt-entry"],"_links":{"self":[{"href":"https:\/\/rebalatallid.com\/index.php?rest_route=\/wp\/v2\/pages\/7912"}],"collection":[{"href":"https:\/\/rebalatallid.com\/index.php?rest_route=\/wp\/v2\/pages"}],"about":[{"href":"https:\/\/rebalatallid.com\/index.php?rest_route=\/wp\/v2\/types\/page"}],"author":[{"embeddable":true,"href":"https:\/\/rebalatallid.com\/index.php?rest_route=\/wp\/v2\/users\/1"}],"replies":[{"embeddable":true,"href":"https:\/\/rebalatallid.com\/index.php?rest_route=%2Fwp%2Fv2%2Fcomments&post=7912"}],"version-history":[{"count":4,"href":"https:\/\/rebalatallid.com\/index.php?rest_route=\/wp\/v2\/pages\/7912\/revisions"}],"predecessor-version":[{"id":7916,"href":"https:\/\/rebalatallid.com\/index.php?rest_route=\/wp\/v2\/pages\/7912\/revisions\/7916"}],"wp:attachment":[{"href":"https:\/\/rebalatallid.com\/index.php?rest_route=%2Fwp%2Fv2%2Fmedia&parent=7912"}],"curies":[{"name":"wp","href":"https:\/\/api.w.org\/{rel}","templated":true}]}}