{"id":8048,"date":"2024-09-18T15:23:20","date_gmt":"2024-09-18T12:23:20","guid":{"rendered":"https:\/\/rebalatallid.com\/?page_id=8048"},"modified":"2024-09-18T15:24:36","modified_gmt":"2024-09-18T12:24:36","slug":"ratsastuskoulu","status":"publish","type":"page","link":"https:\/\/rebalatallid.com\/?page_id=8048&lang=fi","title":{"rendered":"Ratsastuskoulu"},"content":{"rendered":"\t\t<div data-elementor-type=\"wp-page\" data-elementor-id=\"8048\" class=\"elementor elementor-8048\">\n\t\t\t\t<div class=\"elementor-element elementor-element-2e8081f4 e-con-full e-flex e-con e-parent\" data-id=\"2e8081f4\" data-element_type=\"container\" data-e-type=\"container\">\n\t\t\t\t<div class=\"elementor-element elementor-element-e2e9b21 elementor-invisible elementor-widget elementor-widget-image\" data-id=\"e2e9b21\" data-element_type=\"widget\" data-e-type=\"widget\" data-settings=\"{&quot;_animation&quot;:&quot;fadeIn&quot;}\" data-widget_type=\"image.default\">\n\t\t\t\t<div class=\"elementor-widget-container\">\n\t\t\t\t\t\t\t\t\t\t\t\t\t\t\t<img fetchpriority=\"high\" decoding=\"async\" width=\"750\" height=\"733\" src=\"https:\/\/rebalatallid.com\/wp-content\/uploads\/2019\/06\/FB_IMG_1530276326271.jpg\" class=\"attachment-large size-large wp-image-4393\" alt=\"\" srcset=\"https:\/\/rebalatallid.com\/wp-content\/uploads\/2019\/06\/FB_IMG_1530276326271.jpg 750w, https:\/\/rebalatallid.com\/wp-content\/uploads\/2019\/06\/FB_IMG_1530276326271-300x293.jpg 300w\" sizes=\"(max-width: 750px) 100vw, 750px\" \/>\t\t\t\t\t\t\t\t\t\t\t\t\t\t\t<\/div>\n\t\t\t\t<\/div>\n\t\t\t\t<div class=\"elementor-element elementor-element-984ac30 elementor-widget elementor-widget-text-editor\" data-id=\"984ac30\" data-element_type=\"widget\" data-e-type=\"widget\" data-widget_type=\"text-editor.default\">\n\t\t\t\t<div class=\"elementor-widget-container\">\n\t\t\t\t\t\t\t\t\t<p>Ratsutama osaa oppia parhaiten, sest ratsutamine on taitoja.<br \/>Et osata, on vaja katsetada ja harjutada, mitte ainult v\u00e4list efekti taotleda. Kun osaaminen on omaantunut, tulee jatkossa kiinnitt\u00e4\u00e4 huomiota ka ulkoele muotole. Ratsutamine on kaunis ja voi saada taiks. Ratsastamise l\u00f5ppeesm\u00e4rk on ilu \u2013 t\u00e4ydellinen harmonia ratsaniku ja hobuse vahel.<\/p>\t\t\t\t\t\t\t\t<\/div>\n\t\t\t\t<\/div>\n\t\t\t\t<div class=\"elementor-element elementor-element-e502779 elementor-invisible elementor-widget elementor-widget-image\" data-id=\"e502779\" data-element_type=\"widget\" data-e-type=\"widget\" data-settings=\"{&quot;_animation&quot;:&quot;fadeInLeft&quot;}\" data-widget_type=\"image.default\">\n\t\t\t\t<div class=\"elementor-widget-container\">\n\t\t\t\t\t\t\t\t\t\t\t\t\t\t\t<img decoding=\"async\" width=\"768\" height=\"564\" src=\"https:\/\/rebalatallid.com\/wp-content\/uploads\/2015\/06\/ALFONS-RA351.jpg\" class=\"attachment-large size-large wp-image-2360\" alt=\"\" srcset=\"https:\/\/rebalatallid.com\/wp-content\/uploads\/2015\/06\/ALFONS-RA351.jpg 768w, https:\/\/rebalatallid.com\/wp-content\/uploads\/2015\/06\/ALFONS-RA351-300x220.jpg 300w\" sizes=\"(max-width: 768px) 100vw, 768px\" \/>\t\t\t\t\t\t\t\t\t\t\t\t\t\t\t<\/div>\n\t\t\t\t<\/div>\n\t\t\t\t<div class=\"elementor-element elementor-element-35b37a03 elementor-widget elementor-widget-text-editor\" data-id=\"35b37a03\" data-element_type=\"widget\" data-e-type=\"widget\" data-widget_type=\"text-editor.default\">\n\t\t\t\t<div class=\"elementor-widget-container\">\n\t\t\t\t\t\t\t\t\t<p>&#171;Hevosen tulee n\u00e4ytt\u00e4\u00e4, ett\u00e4 h\u00e4n voi hyvin, eik\u00e4 ratsastaja saa antaa h\u00e4nen huomata, kuinka vaikeaa sen saavuttaminen on.&#187;<br \/>K\u00e4yt\u00e4nn\u00f6n harjoittelu ja teoreettinen tieto ovat olennainen osa ratsastustunteja.<br \/>V. Muselier<br \/>Peruskoulutus alkaa aina halusta! Nauti ajasta hevosten kanssa! N\u00e4hd\u00e4\u00e4n pian!<\/p>\t\t\t\t\t\t\t\t<\/div>\n\t\t\t\t<\/div>\n\t\t\t\t<\/div>\n\t\t\t\t<\/div>\n\t\t","protected":false},"excerpt":{"rendered":"<p>Ratsutama osaa oppia parhaiten, sest ratsutamine on taitoja.Et osata, on vaja katsetada ja harjutada, mitte ainult v\u00e4list efekti taotleda. Kun osaaminen on omaantunut, tulee jatkossa kiinnitt\u00e4\u00e4 huomiota ka ulkoele muotole. Ratsutamine on kaunis ja voi &hellip; <a title=\"Ratsastuskoulu\" class=\"exalt-read-more\" href=\"https:\/\/rebalatallid.com\/?page_id=8048&#038;lang=fi\"><span class=\"screen-reader-text\">Ratsastuskoulu<\/span>Read more<\/a><\/p>\n","protected":false},"author":1,"featured_media":0,"parent":0,"menu_order":5,"comment_status":"closed","ping_status":"closed","template":"","meta":{"footnotes":""},"class_list":["post-8048","page","type-page","status-publish","hentry","exalt-entry"],"_links":{"self":[{"href":"https:\/\/rebalatallid.com\/index.php?rest_route=\/wp\/v2\/pages\/8048"}],"collection":[{"href":"https:\/\/rebalatallid.com\/index.php?rest_route=\/wp\/v2\/pages"}],"about":[{"href":"https:\/\/rebalatallid.com\/index.php?rest_route=\/wp\/v2\/types\/page"}],"author":[{"embeddable":true,"href":"https:\/\/rebalatallid.com\/index.php?rest_route=\/wp\/v2\/users\/1"}],"replies":[{"embeddable":true,"href":"https:\/\/rebalatallid.com\/index.php?rest_route=%2Fwp%2Fv2%2Fcomments&post=8048"}],"version-history":[{"count":4,"href":"https:\/\/rebalatallid.com\/index.php?rest_route=\/wp\/v2\/pages\/8048\/revisions"}],"predecessor-version":[{"id":8053,"href":"https:\/\/rebalatallid.com\/index.php?rest_route=\/wp\/v2\/pages\/8048\/revisions\/8053"}],"wp:attachment":[{"href":"https:\/\/rebalatallid.com\/index.php?rest_route=%2Fwp%2Fv2%2Fmedia&parent=8048"}],"curies":[{"name":"wp","href":"https:\/\/api.w.org\/{rel}","templated":true}]}}