{"id":8340,"date":"2024-09-20T11:26:44","date_gmt":"2024-09-20T08:26:44","guid":{"rendered":"https:\/\/rebalatallid.com\/?page_id=8340"},"modified":"2025-05-01T12:03:13","modified_gmt":"2025-05-01T09:03:13","slug":"galerii-mg","status":"publish","type":"page","link":"https:\/\/rebalatallid.com\/?page_id=8340&lang=et","title":{"rendered":"Galerii"},"content":{"rendered":"\t\t<div data-elementor-type=\"wp-page\" data-elementor-id=\"8340\" class=\"elementor elementor-8340\">\n\t\t\t\t<div class=\"elementor-element elementor-element-6cba1df4 e-flex e-con-boxed e-con e-parent\" data-id=\"6cba1df4\" data-element_type=\"container\" data-e-type=\"container\">\n\t\t\t\t\t<div class=\"e-con-inner\">\n\t\t\t\t<div class=\"elementor-element elementor-element-3971bf4e elementor-widget elementor-widget-text-editor\" data-id=\"3971bf4e\" data-element_type=\"widget\" data-e-type=\"widget\" data-widget_type=\"text-editor.default\">\n\t\t\t\t<div class=\"elementor-widget-container\">\n\t\t\t\t\t\t\t\t\t\n<p><span style=\"color: #000000;\">Tere tulemast meie fotogaleriisse! Siin saad pilgu heita meie kaunile tallialale, hobustele, s\u00fcndmustele ja igap\u00e4evaelule Rebalas. Iga pilt r\u00e4\u00e4gib oma loo \u2013 olgu selleks vaikne hommik karjamaal, treening hobustega v\u00f5i r\u00f5\u00f5murohke ratsalaager.<\/span><\/p>\n\t\t\t\t\t\t\t\t<\/div>\n\t\t\t\t<\/div>\n\t\t\t\t\t<\/div>\n\t\t\t\t<\/div>\n\t\t<div class=\"elementor-element elementor-element-8c53ed7 e-con-full e-flex e-con e-parent\" data-id=\"8c53ed7\" data-element_type=\"container\" data-e-type=\"container\">\n\t\t\t\t<div class=\"elementor-element elementor-element-8a1ee90 elementor-widget elementor-widget-image\" data-id=\"8a1ee90\" data-element_type=\"widget\" data-e-type=\"widget\" data-widget_type=\"image.default\">\n\t\t\t\t<div class=\"elementor-widget-container\">\n\t\t\t\t\t\t\t\t\t\t\t\t\t\t\t<img fetchpriority=\"high\" decoding=\"async\" width=\"683\" height=\"1024\" src=\"https:\/\/rebalatallid.com\/wp-content\/uploads\/2025\/04\/4caf82f0-00fa-4369-866a-e94dadf1f9ba-683x1024.jpg\" class=\"attachment-large size-large wp-image-11548\" alt=\"\" srcset=\"https:\/\/rebalatallid.com\/wp-content\/uploads\/2025\/04\/4caf82f0-00fa-4369-866a-e94dadf1f9ba-683x1024.jpg 683w, https:\/\/rebalatallid.com\/wp-content\/uploads\/2025\/04\/4caf82f0-00fa-4369-866a-e94dadf1f9ba-200x300.jpg 200w, https:\/\/rebalatallid.com\/wp-content\/uploads\/2025\/04\/4caf82f0-00fa-4369-866a-e94dadf1f9ba-768x1152.jpg 768w, https:\/\/rebalatallid.com\/wp-content\/uploads\/2025\/04\/4caf82f0-00fa-4369-866a-e94dadf1f9ba-1024x1536.jpg 1024w, https:\/\/rebalatallid.com\/wp-content\/uploads\/2025\/04\/4caf82f0-00fa-4369-866a-e94dadf1f9ba.jpg 1067w\" sizes=\"(max-width: 683px) 100vw, 683px\" \/>\t\t\t\t\t\t\t\t\t\t\t\t\t\t\t<\/div>\n\t\t\t\t<\/div>\n\t\t\t\t<\/div>\n\t\t\t\t<\/div>\n\t\t","protected":false},"excerpt":{"rendered":"<p>Tere tulemast meie fotogaleriisse! Siin saad pilgu heita meie kaunile tallialale, hobustele, s\u00fcndmustele ja igap\u00e4evaelule Rebalas. Iga pilt r\u00e4\u00e4gib oma loo \u2013 olgu selleks vaikne hommik karjamaal, treening hobustega v\u00f5i r\u00f5\u00f5murohke ratsalaager.<\/p>\n","protected":false},"author":1,"featured_media":0,"parent":0,"menu_order":0,"comment_status":"closed","ping_status":"closed","template":"","meta":{"footnotes":""},"class_list":["post-8340","page","type-page","status-publish","hentry","exalt-entry"],"_links":{"self":[{"href":"https:\/\/rebalatallid.com\/index.php?rest_route=\/wp\/v2\/pages\/8340"}],"collection":[{"href":"https:\/\/rebalatallid.com\/index.php?rest_route=\/wp\/v2\/pages"}],"about":[{"href":"https:\/\/rebalatallid.com\/index.php?rest_route=\/wp\/v2\/types\/page"}],"author":[{"embeddable":true,"href":"https:\/\/rebalatallid.com\/index.php?rest_route=\/wp\/v2\/users\/1"}],"replies":[{"embeddable":true,"href":"https:\/\/rebalatallid.com\/index.php?rest_route=%2Fwp%2Fv2%2Fcomments&post=8340"}],"version-history":[{"count":22,"href":"https:\/\/rebalatallid.com\/index.php?rest_route=\/wp\/v2\/pages\/8340\/revisions"}],"predecessor-version":[{"id":11735,"href":"https:\/\/rebalatallid.com\/index.php?rest_route=\/wp\/v2\/pages\/8340\/revisions\/11735"}],"wp:attachment":[{"href":"https:\/\/rebalatallid.com\/index.php?rest_route=%2Fwp%2Fv2%2Fmedia&parent=8340"}],"curies":[{"name":"wp","href":"https:\/\/api.w.org\/{rel}","templated":true}]}}