{"id":8642,"date":"2024-09-21T21:15:52","date_gmt":"2024-09-21T18:15:52","guid":{"rendered":"https:\/\/rebalatallid.com\/?page_id=8642"},"modified":"2024-09-23T10:06:44","modified_gmt":"2024-09-23T07:06:44","slug":"%d0%be%d0%b1%d1%89%d0%b8%d0%b5-%d0%bf%d1%80%d0%b0%d0%b2%d0%b8%d0%bb%d0%b0-%d0%bd%d0%b0-%d1%82%d0%b5%d1%80%d1%80%d0%b8%d1%82%d0%be%d1%80%d0%b8%d0%b8-%d0%b8-%d0%b2-%d0%bf%d0%be%d0%bc%d0%b5%d1%89%d0%b5-2","status":"publish","type":"page","link":"https:\/\/rebalatallid.com\/?page_id=8642&lang=ru","title":{"rendered":"\u041e\u0431\u0449\u0438\u0435 \u043f\u0440\u0430\u0432\u0438\u043b\u0430 \u043d\u0430 \u0442\u0435\u0440\u0440\u0438\u0442\u043e\u0440\u0438\u0438 \u0438 \u0432 \u043f\u043e\u043c\u0435\u0449\u0435\u043d\u0438\u0438 \u0410"},"content":{"rendered":"\t\t<div data-elementor-type=\"wp-page\" data-elementor-id=\"8642\" class=\"elementor elementor-8642\">\n\t\t\t\t<div class=\"elementor-element elementor-element-be9b3bc e-flex e-con-boxed e-con e-parent\" data-id=\"be9b3bc\" data-element_type=\"container\" data-e-type=\"container\">\n\t\t\t\t\t<div class=\"e-con-inner\">\n\t\t\t\t<div class=\"elementor-element elementor-element-2f3b41fd elementor-widget elementor-widget-text-editor\" data-id=\"2f3b41fd\" data-element_type=\"widget\" data-e-type=\"widget\" data-widget_type=\"text-editor.default\">\n\t\t\t\t<div class=\"elementor-widget-container\">\n\t\t\t\t\t\t\t\t\t<p>Kord tubades ja territooriumil<\/p><ul><li><p>Majutuskoha k\u00e4ttesaamisel tee ise v\u00f5i koos saatja abiga voodi korda \u2013 pane madratsile peale lina, tekk tekikoti sisse ja padjale padjap\u00fc\u00fcr maha. Viimasel p\u00e4eval enne lahkumist v\u00f5ta need voodipesu maha ning vii need selleks etten\u00e4htud kohta.<\/p><\/li><li><p>Kottide lahtipakkimisel j\u00e4ta osa asju kotti ja v\u00f5ta sealt riideid vastavalt vajadusele;<\/p><\/li><li><p>Jalatsid hoiame selleks etten\u00e4htud kohas\u00a0ning must pesu pane eraldi kotti.<\/p><\/li><li><p>\u00c4ra viibi v\u00e4lisjalatsitega ruumides;<\/p><\/li><li><p>Ujumisriideid ja teisi m\u00e4rjaks saanud esemeid tuleb kuivatada r\u00f5dul, kuivatuskapis v\u00f5i pesun\u00f6\u00f6ridel.<\/p><\/li><li><p>Enne magama minekut k\u00e4i kindlasti du\u0161i all, soe vesi l\u00f5\u00f5gastab ning peseb maha p\u00e4evase tolmu ja mustuse;<\/p><\/li><li><p>Igap\u00e4evaselt korista tuba, p\u00fchi p\u00f5rand, t\u00fchjenda pr\u00fcgikast, hoia korras voodi, kapp ja riiulid. Kasvatajal on \u00f5igus tuba kontrollida.\u00a0Hoiame territooriumil puhtust ja korda;<\/p><\/li><li><p>Enne lahkumist, vaata veel \u00fcle tuba, et isiklikke asju maha ei j\u00e4\u00e4ks.<\/p><\/li><\/ul>\t\t\t\t\t\t\t\t<\/div>\n\t\t\t\t<\/div>\n\t\t\t\t\t<\/div>\n\t\t\t\t<\/div>\n\t\t\t\t<\/div>\n\t\t","protected":false},"excerpt":{"rendered":"","protected":false},"author":1,"featured_media":0,"parent":0,"menu_order":3,"comment_status":"open","ping_status":"open","template":"","meta":{"footnotes":""},"class_list":["post-8642","page","type-page","status-publish","hentry","exalt-entry"],"_links":{"self":[{"href":"https:\/\/rebalatallid.com\/index.php?rest_route=\/wp\/v2\/pages\/8642"}],"collection":[{"href":"https:\/\/rebalatallid.com\/index.php?rest_route=\/wp\/v2\/pages"}],"about":[{"href":"https:\/\/rebalatallid.com\/index.php?rest_route=\/wp\/v2\/types\/page"}],"author":[{"embeddable":true,"href":"https:\/\/rebalatallid.com\/index.php?rest_route=\/wp\/v2\/users\/1"}],"replies":[{"embeddable":true,"href":"https:\/\/rebalatallid.com\/index.php?rest_route=%2Fwp%2Fv2%2Fcomments&post=8642"}],"version-history":[{"count":2,"href":"https:\/\/rebalatallid.com\/index.php?rest_route=\/wp\/v2\/pages\/8642\/revisions"}],"predecessor-version":[{"id":8871,"href":"https:\/\/rebalatallid.com\/index.php?rest_route=\/wp\/v2\/pages\/8642\/revisions\/8871"}],"wp:attachment":[{"href":"https:\/\/rebalatallid.com\/index.php?rest_route=%2Fwp%2Fv2%2Fmedia&parent=8642"}],"curies":[{"name":"wp","href":"https:\/\/api.w.org\/{rel}","templated":true}]}}