{"id":8653,"date":"2024-09-21T21:23:13","date_gmt":"2024-09-21T18:23:13","guid":{"rendered":"https:\/\/rebalatallid.com\/?page_id=8653"},"modified":"2024-09-21T21:23:14","modified_gmt":"2024-09-21T18:23:14","slug":"%d1%80%d0%b0%d1%81%d0%bf%d0%be%d1%80%d1%8f%d0%b4%d0%be%d0%ba-%d0%b4%d0%bd%d1%8f","status":"publish","type":"page","link":"https:\/\/rebalatallid.com\/?page_id=8653&lang=ru","title":{"rendered":"\u0420\u0430\u0441\u043f\u043e\u0440\u044f\u0434\u043e\u043a \u0434\u043d\u044f"},"content":{"rendered":"\t\t<div data-elementor-type=\"wp-page\" data-elementor-id=\"8653\" class=\"elementor elementor-8653\">\n\t\t\t\t<div class=\"elementor-element elementor-element-564a4393 e-flex e-con-boxed e-con e-parent\" data-id=\"564a4393\" data-element_type=\"container\" data-e-type=\"container\">\n\t\t\t\t\t<div class=\"e-con-inner\">\n\t\t\t\t<div class=\"elementor-element elementor-element-2cadc1fb elementor-widget elementor-widget-text-editor\" data-id=\"2cadc1fb\" data-element_type=\"widget\" data-e-type=\"widget\" data-widget_type=\"text-editor.default\">\n\t\t\t\t<div class=\"elementor-widget-container\">\n\t\t\t\t\t\t\t\t\t<p>P\u00e4evakava<br \/><br \/>9.00 \u00c4ratus. Hommikune h\u00fcgieen<br \/><br \/>10:00\u00a0Hommikus\u00f6\u00f6k<br \/><br \/>11.00 Kogunemine tallis ( Tegeleme hobustega, talli ja ratsavarustuse\u00a0korrashoid, ratsutamine jne )<br \/><br \/>12.00 Ratsutamine<br \/><br \/>14:00\u00a0\u00a0 L\u00f5unas\u00f6\u00f6k<br \/><br \/>15:00 \u00a0Teooria v\u00f5i huvitund ( ratsavarustuse , hobuste ps\u00fchholoogia, erinevate hobuste ja ponide t\u00f5ugude tundmine, \u00a0 \u00a0 \u00a0 \u00a0 \u00a0 \u00a0 \u00a0joonistamine \u00a0jne )<br \/><br \/>16.00 \u00a0Kogunemine tallis ( Tegeleme hobustega, talli ja ratsavarustuse \u00a0korrashoid, ratsutamine jne )<br \/><br \/>17.00 Ratsutamine<br \/><br \/>20:00 \u00d5htus\u00f6\u00f6k<br \/><br \/>21:00 \u00d5htune koosviibimine (hobuste filmid, m\u00e4ngud, muusika jne )<br \/><br \/>22.00\u00a0 Valmistumine magamaminekuks.\u00a0\u00d6\u00f6rahu<\/p>\t\t\t\t\t\t\t\t<\/div>\n\t\t\t\t<\/div>\n\t\t\t\t\t<\/div>\n\t\t\t\t<\/div>\n\t\t\t\t<\/div>\n\t\t","protected":false},"excerpt":{"rendered":"","protected":false},"author":1,"featured_media":0,"parent":0,"menu_order":2,"comment_status":"closed","ping_status":"open","template":"","meta":{"footnotes":""},"class_list":["post-8653","page","type-page","status-publish","hentry","exalt-entry"],"_links":{"self":[{"href":"https:\/\/rebalatallid.com\/index.php?rest_route=\/wp\/v2\/pages\/8653"}],"collection":[{"href":"https:\/\/rebalatallid.com\/index.php?rest_route=\/wp\/v2\/pages"}],"about":[{"href":"https:\/\/rebalatallid.com\/index.php?rest_route=\/wp\/v2\/types\/page"}],"author":[{"embeddable":true,"href":"https:\/\/rebalatallid.com\/index.php?rest_route=\/wp\/v2\/users\/1"}],"replies":[{"embeddable":true,"href":"https:\/\/rebalatallid.com\/index.php?rest_route=%2Fwp%2Fv2%2Fcomments&post=8653"}],"version-history":[{"count":1,"href":"https:\/\/rebalatallid.com\/index.php?rest_route=\/wp\/v2\/pages\/8653\/revisions"}],"predecessor-version":[{"id":8654,"href":"https:\/\/rebalatallid.com\/index.php?rest_route=\/wp\/v2\/pages\/8653\/revisions\/8654"}],"wp:attachment":[{"href":"https:\/\/rebalatallid.com\/index.php?rest_route=%2Fwp%2Fv2%2Fmedia&parent=8653"}],"curies":[{"name":"wp","href":"https:\/\/api.w.org\/{rel}","templated":true}]}}