{"id":8856,"date":"2024-09-22T23:23:04","date_gmt":"2024-09-22T20:23:04","guid":{"rendered":"https:\/\/rebalatallid.com\/?page_id=8856"},"modified":"2024-09-22T23:23:06","modified_gmt":"2024-09-22T20:23:06","slug":"%d0%bf%d0%be%d0%b5%d0%b7%d0%b4%d0%ba%d0%b8-%d0%bd%d0%b0-%d1%81%d0%b0%d0%bd%d1%8f%d1%85-%d0%b8-%d1%82%d0%b5%d0%bb%d0%b5%d0%b3%d0%b5","status":"publish","type":"page","link":"https:\/\/rebalatallid.com\/?page_id=8856&lang=ru","title":{"rendered":"\u041f\u043e\u0435\u0437\u0434\u043a\u0438 \u043d\u0430 \u0441\u0430\u043d\u044f\u0445 \u0438 \u0442\u0435\u043b\u0435\u0433\u0435"},"content":{"rendered":"\t\t<div data-elementor-type=\"wp-page\" data-elementor-id=\"8856\" class=\"elementor elementor-8856\">\n\t\t\t\t<div class=\"elementor-element elementor-element-628ea090 e-con-full e-flex e-con e-parent\" data-id=\"628ea090\" data-element_type=\"container\" data-e-type=\"container\">\n\t\t<div class=\"elementor-element elementor-element-3f0fb31 e-con-full e-flex e-con e-child\" data-id=\"3f0fb31\" data-element_type=\"container\" data-e-type=\"container\">\n\t\t\t\t<div class=\"elementor-element elementor-element-2044315 elementor-widget elementor-widget-image\" data-id=\"2044315\" data-element_type=\"widget\" data-e-type=\"widget\" data-widget_type=\"image.default\">\n\t\t\t\t<div class=\"elementor-widget-container\">\n\t\t\t\t\t\t\t\t\t\t\t\t\t\t\t<img fetchpriority=\"high\" decoding=\"async\" width=\"717\" height=\"538\" src=\"https:\/\/rebalatallid.com\/wp-content\/uploads\/2019\/06\/LISA5.jpg\" class=\"attachment-large size-large wp-image-4361\" alt=\"\" srcset=\"https:\/\/rebalatallid.com\/wp-content\/uploads\/2019\/06\/LISA5.jpg 717w, https:\/\/rebalatallid.com\/wp-content\/uploads\/2019\/06\/LISA5-300x225.jpg 300w\" sizes=\"(max-width: 717px) 100vw, 717px\" \/>\t\t\t\t\t\t\t\t\t\t\t\t\t\t\t<\/div>\n\t\t\t\t<\/div>\n\t\t\t\t<div class=\"elementor-element elementor-element-d92b06a elementor-widget elementor-widget-text-editor\" data-id=\"d92b06a\" data-element_type=\"widget\" data-e-type=\"widget\" data-widget_type=\"text-editor.default\">\n\t\t\t\t<div class=\"elementor-widget-container\">\n\t\t\t\t\t\t\t\t\t<p>Meil on r\u00f5\u00f5m pakkuda piknikus\u00f5itu Eestis ainulaadse hobukaravaniga.<\/p><p>Hobukaravan ise on koos lauaga millel topsialused ja suupistekohad. Sellega on mugav s\u00f5ita, nautida hobukaravanis laua taga head seltskonda ja samal ajal tutvuda kohalike vaatamisv\u00e4\u00e4rsustega.<\/p>\t\t\t\t\t\t\t\t<\/div>\n\t\t\t\t<\/div>\n\t\t\t\t<\/div>\n\t\t\t\t<div class=\"elementor-element elementor-element-553b4f9 elementor-widget elementor-widget-image\" data-id=\"553b4f9\" data-element_type=\"widget\" data-e-type=\"widget\" data-widget_type=\"image.default\">\n\t\t\t\t<div class=\"elementor-widget-container\">\n\t\t\t\t\t\t\t\t\t\t\t\t\t\t\t<img decoding=\"async\" width=\"900\" height=\"675\" src=\"https:\/\/rebalatallid.com\/wp-content\/uploads\/2019\/06\/J\u00c4GALA-JUGA.jpg\" class=\"attachment-large size-large wp-image-4366\" alt=\"\" srcset=\"https:\/\/rebalatallid.com\/wp-content\/uploads\/2019\/06\/J\u00c4GALA-JUGA.jpg 922w, https:\/\/rebalatallid.com\/wp-content\/uploads\/2019\/06\/J\u00c4GALA-JUGA-300x225.jpg 300w, https:\/\/rebalatallid.com\/wp-content\/uploads\/2019\/06\/J\u00c4GALA-JUGA-768x576.jpg 768w\" sizes=\"(max-width: 900px) 100vw, 900px\" \/>\t\t\t\t\t\t\t\t\t\t\t\t\t\t\t<\/div>\n\t\t\t\t<\/div>\n\t\t\t\t<div class=\"elementor-element elementor-element-785e3e81 elementor-widget elementor-widget-text-editor\" data-id=\"785e3e81\" data-element_type=\"widget\" data-e-type=\"widget\" data-widget_type=\"text-editor.default\">\n\t\t\t\t<div class=\"elementor-widget-container\">\n\t\t\t\t\t\t\t\t\t<p><strong>PAKETT 1.<\/strong><\/p><p><strong>VANKRIS\u00d5IT PIKNIKUGA\u00a0 J\u00c4GALA JOALE KUNI 14 INIMESELE.<br \/><\/strong><\/p><p><strong>Kestvus:<\/strong>\u00a0kuni 3h<br \/><strong>Hind: <\/strong>800\u00a0EUR. Vankris\u00f5it kuni 14 inimesele, kestvusega kuni 3h, ilma piknikukorvita.<br \/><strong>Piknikukorv sisaldab:<\/strong><br \/>liha-, juustu- ja juurviljavaagen 14 inimesele (alkohoolseid jooke ei pakuta).<br \/>Piknikukorvi erisoovidest palume varem teada anda (gluteenivaba v\u00f5i vegan jne)!<br \/>NB! Pikniku korvi hind s\u00f5ltub inimeste arvust.<\/p><p>Hobukaravan on katuse ja teisaldatavate seintega, mis v\u00f5imaldab \u00fcritust l\u00e4bi viia iga ilmaga.<\/p><p>\u00a0<\/p><p>\u00a0<\/p>\t\t\t\t\t\t\t\t<\/div>\n\t\t\t\t<\/div>\n\t\t\t\t<\/div>\n\t\t<div class=\"elementor-element elementor-element-6fd6f9a e-grid e-con-full e-con e-parent\" data-id=\"6fd6f9a\" data-element_type=\"container\" data-e-type=\"container\">\n\t\t\t\t<div class=\"elementor-element elementor-element-79f1086 elementor-widget elementor-widget-image\" data-id=\"79f1086\" data-element_type=\"widget\" data-e-type=\"widget\" data-widget_type=\"image.default\">\n\t\t\t\t<div class=\"elementor-widget-container\">\n\t\t\t\t\t\t\t\t\t\t\t\t\t\t\t<img decoding=\"async\" width=\"864\" height=\"648\" src=\"https:\/\/rebalatallid.com\/wp-content\/uploads\/2019\/06\/LISA7.jpg\" class=\"attachment-large size-large wp-image-4363\" alt=\"\" srcset=\"https:\/\/rebalatallid.com\/wp-content\/uploads\/2019\/06\/LISA7.jpg 864w, https:\/\/rebalatallid.com\/wp-content\/uploads\/2019\/06\/LISA7-300x225.jpg 300w, https:\/\/rebalatallid.com\/wp-content\/uploads\/2019\/06\/LISA7-768x576.jpg 768w\" sizes=\"(max-width: 864px) 100vw, 864px\" \/>\t\t\t\t\t\t\t\t\t\t\t\t\t\t\t<\/div>\n\t\t\t\t<\/div>\n\t\t\t\t<div class=\"elementor-element elementor-element-d5c2374 elementor-widget elementor-widget-image\" data-id=\"d5c2374\" data-element_type=\"widget\" data-e-type=\"widget\" data-widget_type=\"image.default\">\n\t\t\t\t<div class=\"elementor-widget-container\">\n\t\t\t\t\t\t\t\t\t\t\t\t\t\t\t<img loading=\"lazy\" decoding=\"async\" width=\"900\" height=\"675\" src=\"https:\/\/rebalatallid.com\/wp-content\/uploads\/2019\/06\/lisa2-1024x768.jpg\" class=\"attachment-large size-large wp-image-4358\" alt=\"\" srcset=\"https:\/\/rebalatallid.com\/wp-content\/uploads\/2019\/06\/lisa2-1024x768.jpg 1024w, https:\/\/rebalatallid.com\/wp-content\/uploads\/2019\/06\/lisa2-300x225.jpg 300w, https:\/\/rebalatallid.com\/wp-content\/uploads\/2019\/06\/lisa2-768x576.jpg 768w\" sizes=\"(max-width: 900px) 100vw, 900px\" \/>\t\t\t\t\t\t\t\t\t\t\t\t\t\t\t<\/div>\n\t\t\t\t<\/div>\n\t\t\t\t<div class=\"elementor-element elementor-element-33377f1 elementor-widget elementor-widget-image\" data-id=\"33377f1\" data-element_type=\"widget\" data-e-type=\"widget\" data-widget_type=\"image.default\">\n\t\t\t\t<div class=\"elementor-widget-container\">\n\t\t\t\t\t\t\t\t\t\t\t\t\t\t\t<img loading=\"lazy\" decoding=\"async\" width=\"807\" height=\"605\" src=\"https:\/\/rebalatallid.com\/wp-content\/uploads\/2019\/06\/LISA6.jpg\" class=\"attachment-large size-large wp-image-4362\" alt=\"\" srcset=\"https:\/\/rebalatallid.com\/wp-content\/uploads\/2019\/06\/LISA6.jpg 807w, https:\/\/rebalatallid.com\/wp-content\/uploads\/2019\/06\/LISA6-300x225.jpg 300w, https:\/\/rebalatallid.com\/wp-content\/uploads\/2019\/06\/LISA6-768x576.jpg 768w\" sizes=\"(max-width: 807px) 100vw, 807px\" \/>\t\t\t\t\t\t\t\t\t\t\t\t\t\t\t<\/div>\n\t\t\t\t<\/div>\n\t\t\t\t<div class=\"elementor-element elementor-element-9f5316c elementor-widget elementor-widget-image\" data-id=\"9f5316c\" data-element_type=\"widget\" data-e-type=\"widget\" data-widget_type=\"image.default\">\n\t\t\t\t<div class=\"elementor-widget-container\">\n\t\t\t\t\t\t\t\t\t\t\t\t\t\t\t<img loading=\"lazy\" decoding=\"async\" width=\"900\" height=\"675\" src=\"https:\/\/rebalatallid.com\/wp-content\/uploads\/2019\/06\/60432804_2286269794764161_8996699970962718720_n.jpg\" class=\"attachment-large size-large wp-image-4285\" alt=\"\" srcset=\"https:\/\/rebalatallid.com\/wp-content\/uploads\/2019\/06\/60432804_2286269794764161_8996699970962718720_n.jpg 960w, https:\/\/rebalatallid.com\/wp-content\/uploads\/2019\/06\/60432804_2286269794764161_8996699970962718720_n-300x225.jpg 300w, https:\/\/rebalatallid.com\/wp-content\/uploads\/2019\/06\/60432804_2286269794764161_8996699970962718720_n-768x576.jpg 768w\" sizes=\"(max-width: 900px) 100vw, 900px\" \/>\t\t\t\t\t\t\t\t\t\t\t\t\t\t\t<\/div>\n\t\t\t\t<\/div>\n\t\t\t\t<\/div>\n\t\t\t\t<\/div>\n\t\t","protected":false},"excerpt":{"rendered":"","protected":false},"author":1,"featured_media":0,"parent":0,"menu_order":0,"comment_status":"closed","ping_status":"closed","template":"","meta":{"footnotes":""},"class_list":["post-8856","page","type-page","status-publish","hentry","exalt-entry"],"_links":{"self":[{"href":"https:\/\/rebalatallid.com\/index.php?rest_route=\/wp\/v2\/pages\/8856"}],"collection":[{"href":"https:\/\/rebalatallid.com\/index.php?rest_route=\/wp\/v2\/pages"}],"about":[{"href":"https:\/\/rebalatallid.com\/index.php?rest_route=\/wp\/v2\/types\/page"}],"author":[{"embeddable":true,"href":"https:\/\/rebalatallid.com\/index.php?rest_route=\/wp\/v2\/users\/1"}],"replies":[{"embeddable":true,"href":"https:\/\/rebalatallid.com\/index.php?rest_route=%2Fwp%2Fv2%2Fcomments&post=8856"}],"version-history":[{"count":1,"href":"https:\/\/rebalatallid.com\/index.php?rest_route=\/wp\/v2\/pages\/8856\/revisions"}],"predecessor-version":[{"id":8857,"href":"https:\/\/rebalatallid.com\/index.php?rest_route=\/wp\/v2\/pages\/8856\/revisions\/8857"}],"wp:attachment":[{"href":"https:\/\/rebalatallid.com\/index.php?rest_route=%2Fwp%2Fv2%2Fmedia&parent=8856"}],"curies":[{"name":"wp","href":"https:\/\/api.w.org\/{rel}","templated":true}]}}