{"id":8865,"date":"2024-09-23T09:55:53","date_gmt":"2024-09-23T06:55:53","guid":{"rendered":"https:\/\/rebalatallid.com\/?page_id=8865"},"modified":"2025-09-16T16:02:02","modified_gmt":"2025-09-16T13:02:02","slug":"%d0%b4%d0%be%d1%81%d1%82%d0%be%d0%bf%d1%80%d0%b8%d0%bc%d0%b5%d1%87%d0%b0%d1%82%d0%b5%d0%bb%d1%8c%d0%bd%d0%be%d1%81%d1%82%d0%b8-%d0%b2-%d0%be%d0%ba%d1%80%d0%b5%d1%81%d1%82%d0%bd%d0%be%d1%81%d1%82%d1%8f","status":"publish","type":"page","link":"https:\/\/rebalatallid.com\/?page_id=8865&lang=ru","title":{"rendered":"\u0414\u043e\u0441\u0442\u043e\u043f\u0440\u0438\u043c\u0435\u0447\u0430\u0442\u0435\u043b\u044c\u043d\u043e\u0441\u0442\u0438 \u0432 \u043e\u043a\u0440\u0435\u0441\u0442\u043d\u043e\u0441\u0442\u044f\u0445"},"content":{"rendered":"\t\t<div data-elementor-type=\"wp-page\" data-elementor-id=\"8865\" class=\"elementor elementor-8865\">\n\t\t\t\t<div class=\"elementor-element elementor-element-5db4db9c e-flex e-con-boxed e-con e-parent\" data-id=\"5db4db9c\" data-element_type=\"container\" data-e-type=\"container\">\n\t\t\t\t\t<div class=\"e-con-inner\">\n\t\t\t\t<div class=\"elementor-element elementor-element-71797c16 elementor-widget elementor-widget-text-editor\" data-id=\"71797c16\" data-element_type=\"widget\" data-e-type=\"widget\" data-widget_type=\"text-editor.default\">\n\t\t\t\t<div class=\"elementor-widget-container\">\n\t\t\t\t\t\t\t\t\t<p><span style=\"color: #000000;\"><strong>Huvitavat l\u00e4hi\u00fcmbrus<\/strong><\/span><\/p><ul><li><p><span style=\"color: #000000;\">Rebala k\u00fcla\u00a0 \u00a0 <a style=\"color: #000000;\" href=\"http:\/\/rebala.enjoyestonia.ee\/\">http:\/\/rebala.enjoyestonia.ee\/\u00a0<\/a><\/span><\/p><\/li><li><p><span style=\"color: #000000;\">J\u00f5el\u00e4htme teejuht r\u00e4ndajale ja koduloohuvilisele <a style=\"color: #000000;\" href=\"https:\/\/issuu.com\/otse.info\/docs\/joelahtme\">https:\/\/issuu.com\/otse.info\/docs\/joelahtme<\/a><\/span><\/p><\/li><li><p><span style=\"color: #000000;\">Ajaveski (Look\u00fcla tee) \u00a0<a style=\"color: #000000;\" href=\"https:\/\/www.ajaveski.eu\/\">www.ajaveski.eu<\/a><\/span><\/p><\/li><li><p><span style=\"color: #000000;\">Rootsi-Kallavere k\u00fcla Muuseum <a style=\"color: #000000;\" href=\"http:\/\/rkk.ee\/muuseum\/\">http:\/\/rkk.ee\/muuseum\/<\/a><\/span><\/p><\/li><li><p><span style=\"color: #000000;\">Koljunuki Sadam O\u00dc (\u00dclgase k\u00fcla)<\/span><\/p><p><span style=\"color: #000000;\"><a style=\"color: #000000;\" href=\"http:\/\/www.koljunuki.ee\">www.koljunuki.ee<\/a>\u00a0<\/span><\/p><\/li><li><p><span style=\"color: #000000;\">Saha kabel <a style=\"color: #000000;\" href=\"https:\/\/et.wikipedia.org\/wiki\/Saha_kabel\">https:\/\/et.wikipedia.org\/wiki\/Saha_kabel<\/a><\/span><\/p><\/li><li><p><span style=\"color: #000000;\">J\u00e4gala juga <a style=\"color: #000000;\" href=\"https:\/\/www.puhkaeestis.ee\/et\/jagala-juga\">https:\/\/www.puhkaeestis.ee\/et\/jagala-juga<\/a><\/span><\/p><\/li><li><p><span style=\"color: #000000;\">J\u00e4gala J\u00f5esuu linnam\u00e4gi <a style=\"color: #000000;\" href=\"http:\/\/www.palverand.ee\/j%C3%A4gala-j%C3%B5esuu-linnam%C3%A4gi\/\">http:\/\/www.palverand.ee\/j%C3%A4gala-j%C3%B5esuu-linnam%C3%A4gi\/<\/a><\/span><\/p><\/li><li><p><span style=\"color: #000000;\">Kostivere m\u00f5is <a style=\"color: #000000;\" href=\"http:\/\/www.kostivere.ee\/kostiverest\/vaatamisvaarsused\/kostivere-mois\/\">http:\/\/www.kostivere.ee\/kostiverest\/vaatamisvaarsused\/kostivere-mois\/<\/a><\/span><\/p><\/li><li><p><span style=\"color: #000000;\">Kostiveres asub Eesti suurim karstiala (kohalike jaoks urked). Siin voolab maa all Eesti pikim, 2,5 km pikkune, salaj\u00f5gi. <a style=\"color: #000000;\" href=\"http:\/\/www.kostivere.ee\/kostiverest\/vaatamisvaarsused\/karstiala\/\">http:\/\/www.kostivere.ee\/kostiverest\/vaatamisvaarsused\/karstiala\/<\/a><\/span><\/p><\/li><li><p><span style=\"color: #000000;\">Rebala Muinsuskaitseala muuseum.Nad ei karda konte <a style=\"color: #000000;\" href=\"http:\/\/www.rebala.ee\">www.rebala.ee<\/a>\u00a0<\/span><\/p><\/li><li><p><span style=\"color: #000000;\">J\u00f5el\u00e4htme golfiv\u00e4ljak<a style=\"color: #000000;\" href=\"https:\/\/www.egcc.ee\/et\/\"> www.egcc.ee<\/a><\/span><\/p><\/li><li><p><span style=\"color: #000000;\"><a style=\"color: #000000;\" href=\"https:\/\/www.puhkaeestis.ee\/et\/otsing?newsearch=newsearch&amp;map_open=false&amp;category=&amp;oldcategory=&amp;region=&amp;oldregion=&amp;lat=&amp;lng=&amp;sortby=&amp;dir=&amp;q=J%C3%B5el%C3%A4htme&amp;random_seed=891753&amp;resultscount=20&amp;selected_pager=0&amp;total_results=78\">https:\/\/www.puhkaeestis.ee\/et\/otsing?newsearch=newsearch&amp;map_open=false&amp;category=&amp;oldcategory=&amp;region=&amp;oldregion=&amp;lat=&amp;lng=&amp;sortby=&amp;dir=&amp;q=J%C3%B5el%C3%A4htme&amp;random_seed=891753&amp;resultscount=20&amp;selected_pager=0&amp;total_results=78<\/a><\/span><\/p><\/li><\/ul><p><\/p><p><\/p>\t\t\t\t\t\t\t\t<\/div>\n\t\t\t\t<\/div>\n\t\t\t\t\t<\/div>\n\t\t\t\t<\/div>\n\t\t<div class=\"elementor-element elementor-element-eac586f e-flex e-con-boxed e-con e-parent\" data-id=\"eac586f\" data-element_type=\"container\" data-e-type=\"container\">\n\t\t\t\t\t<div class=\"e-con-inner\">\n\t\t\t\t<div class=\"elementor-element elementor-element-98502a1 elementor-widget elementor-widget-image\" data-id=\"98502a1\" data-element_type=\"widget\" data-e-type=\"widget\" data-widget_type=\"image.default\">\n\t\t\t\t<div class=\"elementor-widget-container\">\n\t\t\t\t\t\t\t\t\t\t\t\t\t\t\t<img fetchpriority=\"high\" decoding=\"async\" width=\"900\" height=\"602\" src=\"https:\/\/rebalatallid.com\/wp-content\/uploads\/2019\/08\/DSC_4458-1024x685.jpg\" class=\"attachment-large size-large wp-image-4546\" alt=\"\" srcset=\"https:\/\/rebalatallid.com\/wp-content\/uploads\/2019\/08\/DSC_4458-1024x685.jpg 1024w, https:\/\/rebalatallid.com\/wp-content\/uploads\/2019\/08\/DSC_4458-300x201.jpg 300w, https:\/\/rebalatallid.com\/wp-content\/uploads\/2019\/08\/DSC_4458-768x514.jpg 768w\" sizes=\"(max-width: 900px) 100vw, 900px\" \/>\t\t\t\t\t\t\t\t\t\t\t\t\t\t\t<\/div>\n\t\t\t\t<\/div>\n\t\t\t\t\t<\/div>\n\t\t\t\t<\/div>\n\t\t\t\t<\/div>\n\t\t","protected":false},"excerpt":{"rendered":"<p>Huvitavat l\u00e4hi\u00fcmbrus Rebala k\u00fcla\u00a0 \u00a0 http:\/\/rebala.enjoyestonia.ee\/\u00a0 J\u00f5el\u00e4htme teejuht r\u00e4ndajale ja koduloohuvilisele https:\/\/issuu.com\/otse.info\/docs\/joelahtme Ajaveski (Look\u00fcla tee) \u00a0www.ajaveski.eu Rootsi-Kallavere k\u00fcla Muuseum http:\/\/rkk.ee\/muuseum\/ Koljunuki Sadam O\u00dc (\u00dclgase k\u00fcla) www.koljunuki.ee\u00a0 Saha kabel https:\/\/et.wikipedia.org\/wiki\/Saha_kabel J\u00e4gala juga https:\/\/www.puhkaeestis.ee\/et\/jagala-juga J\u00e4gala J\u00f5esuu linnam\u00e4gi &hellip; <a title=\"\u0414\u043e\u0441\u0442\u043e\u043f\u0440\u0438\u043c\u0435\u0447\u0430\u0442\u0435\u043b\u044c\u043d\u043e\u0441\u0442\u0438 \u0432 \u043e\u043a\u0440\u0435\u0441\u0442\u043d\u043e\u0441\u0442\u044f\u0445\" class=\"exalt-read-more\" href=\"https:\/\/rebalatallid.com\/?page_id=8865&#038;lang=ru\"><span class=\"screen-reader-text\">\u0414\u043e\u0441\u0442\u043e\u043f\u0440\u0438\u043c\u0435\u0447\u0430\u0442\u0435\u043b\u044c\u043d\u043e\u0441\u0442\u0438 \u0432 \u043e\u043a\u0440\u0435\u0441\u0442\u043d\u043e\u0441\u0442\u044f\u0445<\/span>Read more<\/a><\/p>\n","protected":false},"author":1,"featured_media":0,"parent":362,"menu_order":3,"comment_status":"closed","ping_status":"closed","template":"","meta":{"footnotes":""},"class_list":["post-8865","page","type-page","status-publish","hentry","exalt-entry"],"_links":{"self":[{"href":"https:\/\/rebalatallid.com\/index.php?rest_route=\/wp\/v2\/pages\/8865"}],"collection":[{"href":"https:\/\/rebalatallid.com\/index.php?rest_route=\/wp\/v2\/pages"}],"about":[{"href":"https:\/\/rebalatallid.com\/index.php?rest_route=\/wp\/v2\/types\/page"}],"author":[{"embeddable":true,"href":"https:\/\/rebalatallid.com\/index.php?rest_route=\/wp\/v2\/users\/1"}],"replies":[{"embeddable":true,"href":"https:\/\/rebalatallid.com\/index.php?rest_route=%2Fwp%2Fv2%2Fcomments&post=8865"}],"version-history":[{"count":4,"href":"https:\/\/rebalatallid.com\/index.php?rest_route=\/wp\/v2\/pages\/8865\/revisions"}],"predecessor-version":[{"id":12276,"href":"https:\/\/rebalatallid.com\/index.php?rest_route=\/wp\/v2\/pages\/8865\/revisions\/12276"}],"up":[{"embeddable":true,"href":"https:\/\/rebalatallid.com\/index.php?rest_route=\/wp\/v2\/pages\/362"}],"wp:attachment":[{"href":"https:\/\/rebalatallid.com\/index.php?rest_route=%2Fwp%2Fv2%2Fmedia&parent=8865"}],"curies":[{"name":"wp","href":"https:\/\/api.w.org\/{rel}","templated":true}]}}